{"id":15833,"date":"2021-01-17T22:21:48","date_gmt":"2021-01-17T22:21:48","guid":{"rendered":"https:\/\/hamo-seme.com\/?page_id=15833"},"modified":"2021-02-06T11:38:31","modified_gmt":"2021-02-06T11:38:31","slug":"iletisim","status":"publish","type":"page","link":"https:\/\/hamo-seme.com\/?page_id=15833","title":{"rendered":"\u0130leti\u015fim"},"content":{"rendered":"\n<div class=\"wpcf7 no-js\" id=\"wpcf7-f4-o1\" lang=\"tr-TR\" dir=\"ltr\" data-wpcf7-id=\"4\">\n<div class=\"screen-reader-response\"><p role=\"status\" aria-live=\"polite\" aria-atomic=\"true\"><\/p> <ul><\/ul><\/div>\n<form action=\"\/index.php?rest_route=%2Fwp%2Fv2%2Fpages%2F15833#wpcf7-f4-o1\" method=\"post\" class=\"wpcf7-form init\" aria-label=\"\u0130leti\u015fim Formu\" novalidate=\"novalidate\" data-status=\"init\">\n<fieldset class=\"hidden-fields-container\"><input type=\"hidden\" name=\"_wpcf7\" value=\"4\" \/><input type=\"hidden\" name=\"_wpcf7_version\" value=\"6.1.1\" \/><input type=\"hidden\" name=\"_wpcf7_locale\" value=\"tr_TR\" \/><input type=\"hidden\" name=\"_wpcf7_unit_tag\" value=\"wpcf7-f4-o1\" \/><input type=\"hidden\" name=\"_wpcf7_container_post\" value=\"0\" \/><input type=\"hidden\" name=\"_wpcf7_posted_data_hash\" value=\"\" \/>\n<\/fieldset>\n<p><label> Ad\u0131n\u0131z ( gerekli )<br \/>\n<span class=\"wpcf7-form-control-wrap\" data-name=\"your-name\"><input size=\"40\" maxlength=\"400\" class=\"wpcf7-form-control wpcf7-text wpcf7-validates-as-required\" aria-required=\"true\" aria-invalid=\"false\" value=\"\" type=\"text\" name=\"your-name\" \/><\/span> <\/label>\n<\/p>\n<p><label> Telefon Numaran\u0131z ( gerekli )<br \/>\n<span class=\"wpcf7-form-control-wrap\" data-name=\"Telefon-No\"><input size=\"40\" maxlength=\"400\" class=\"wpcf7-form-control wpcf7-tel wpcf7-validates-as-required wpcf7-text wpcf7-validates-as-tel\" aria-required=\"true\" aria-invalid=\"false\" value=\"\" type=\"tel\" name=\"Telefon-No\" \/><\/span> <\/label>\n<\/p>\n<p><label> E-Postan\u0131z ( gerekli )<br \/>\n<span class=\"wpcf7-form-control-wrap\" data-name=\"your-email\"><input size=\"40\" maxlength=\"400\" class=\"wpcf7-form-control wpcf7-email wpcf7-validates-as-required wpcf7-text wpcf7-validates-as-email\" aria-required=\"true\" aria-invalid=\"false\" value=\"\" type=\"email\" name=\"your-email\" \/><\/span> <\/label>\n<\/p>\n<p><label> Konu<br \/>\n<span class=\"wpcf7-form-control-wrap\" data-name=\"your-subject\"><input size=\"40\" maxlength=\"400\" class=\"wpcf7-form-control wpcf7-text wpcf7-validates-as-required\" aria-required=\"true\" aria-invalid=\"false\" value=\"\" type=\"text\" name=\"your-subject\" \/><\/span> <\/label>\n<\/p>\n<p><label> \u0130letiniz<br \/>\n<span class=\"wpcf7-form-control-wrap\" data-name=\"your-message\"><textarea cols=\"40\" rows=\"10\" maxlength=\"2000\" class=\"wpcf7-form-control wpcf7-textarea\" aria-invalid=\"false\" name=\"your-message\"><\/textarea><\/span> <\/label>\n<\/p>\n<p><input class=\"wpcf7-form-control wpcf7-submit has-spinner\" type=\"submit\" value=\"G\u00f6nder\" \/>\n<\/p><div class=\"wpcf7-response-output\" aria-hidden=\"true\"><\/div>\n<\/form>\n<\/div>\n\n","protected":false},"excerpt":{"rendered":"<p>Ad\u0131n\u0131z ( gerekli ) Telefon Numaran\u0131z ( gerekli ) E-Postan\u0131z ( gerekli ) Konu \u0130letiniz<\/p>\n","protected":false},"author":1,"featured_media":0,"parent":0,"menu_order":0,"comment_status":"closed","ping_status":"closed","template":"","meta":{"footnotes":""},"class_list":["post-15833","page","type-page","status-publish","hentry","description-off"],"yoast_head":"<!-- This site is optimized with the Yoast SEO plugin v15.5 - https:\/\/yoast.com\/wordpress\/plugins\/seo\/ -->\n<title>\u0130leti\u015fim - hamo-seme<\/title>\n<meta name=\"robots\" content=\"index, follow, max-snippet:-1, max-image-preview:large, max-video-preview:-1\" \/>\n<link rel=\"canonical\" href=\"https:\/\/hamo-seme.com\/?page_id=15833\" \/>\n<meta property=\"og:locale\" content=\"tr_TR\" \/>\n<meta property=\"og:type\" content=\"article\" \/>\n<meta property=\"og:title\" content=\"\u0130leti\u015fim - hamo-seme\" \/>\n<meta property=\"og:url\" content=\"https:\/\/hamo-seme.com\/?page_id=15833\" \/>\n<meta property=\"og:site_name\" content=\"hamo-seme\" \/>\n<meta property=\"article:modified_time\" content=\"2021-02-06T11:38:31+00:00\" \/>\n<meta name=\"twitter:card\" content=\"summary_large_image\" \/>\n<meta name=\"twitter:label1\" content=\"Tahmini okuma s\u00fcresi\">\n\t<meta name=\"twitter:data1\" content=\"0 dakika\">\n<script type=\"application\/ld+json\" class=\"yoast-schema-graph\">{\"@context\":\"https:\/\/schema.org\",\"@graph\":[{\"@type\":\"WebSite\",\"@id\":\"https:\/\/hamo-seme.com\/#website\",\"url\":\"https:\/\/hamo-seme.com\/\",\"name\":\"hamo-seme\",\"description\":\"G\\u00eeniyan a\\u015firet mensubu : Dersim\\u2019den Sivas\\u2019a oradan Kayseri-Sar\\u0131z-S\\u00f6ve\\u00e7men\\u2019e g\\u00f6\\u00e7 etmi\\u015f, oradan t\\u00fcm d\\u00fcnyaya da\\u011f\\u0131lm\\u0131\\u015f bir aile.\",\"potentialAction\":[{\"@type\":\"SearchAction\",\"target\":\"https:\/\/hamo-seme.com\/?s={search_term_string}\",\"query-input\":\"required name=search_term_string\"}],\"inLanguage\":\"tr\"},{\"@type\":\"WebPage\",\"@id\":\"https:\/\/hamo-seme.com\/?page_id=15833#webpage\",\"url\":\"https:\/\/hamo-seme.com\/?page_id=15833\",\"name\":\"\\u0130leti\\u015fim - hamo-seme\",\"isPartOf\":{\"@id\":\"https:\/\/hamo-seme.com\/#website\"},\"datePublished\":\"2021-01-17T22:21:48+00:00\",\"dateModified\":\"2021-02-06T11:38:31+00:00\",\"inLanguage\":\"tr\",\"potentialAction\":[{\"@type\":\"ReadAction\",\"target\":[\"https:\/\/hamo-seme.com\/?page_id=15833\"]}]}]}<\/script>\n<!-- \/ Yoast SEO plugin. -->","_links":{"self":[{"href":"https:\/\/hamo-seme.com\/index.php?rest_route=\/wp\/v2\/pages\/15833","targetHints":{"allow":["GET"]}}],"collection":[{"href":"https:\/\/hamo-seme.com\/index.php?rest_route=\/wp\/v2\/pages"}],"about":[{"href":"https:\/\/hamo-seme.com\/index.php?rest_route=\/wp\/v2\/types\/page"}],"author":[{"embeddable":true,"href":"https:\/\/hamo-seme.com\/index.php?rest_route=\/wp\/v2\/users\/1"}],"replies":[{"embeddable":true,"href":"https:\/\/hamo-seme.com\/index.php?rest_route=%2Fwp%2Fv2%2Fcomments&post=15833"}],"version-history":[{"count":2,"href":"https:\/\/hamo-seme.com\/index.php?rest_route=\/wp\/v2\/pages\/15833\/revisions"}],"predecessor-version":[{"id":15837,"href":"https:\/\/hamo-seme.com\/index.php?rest_route=\/wp\/v2\/pages\/15833\/revisions\/15837"}],"wp:attachment":[{"href":"https:\/\/hamo-seme.com\/index.php?rest_route=%2Fwp%2Fv2%2Fmedia&parent=15833"}],"curies":[{"name":"wp","href":"https:\/\/api.w.org\/{rel}","templated":true}]}}