{"id":15914,"date":"2021-01-20T14:23:35","date_gmt":"2021-01-20T14:23:35","guid":{"rendered":"https:\/\/hamo-seme.com\/?page_id=15914"},"modified":"2021-02-21T20:37:26","modified_gmt":"2021-02-21T20:37:26","slug":"ap-mehmet-ali","status":"publish","type":"page","link":"https:\/\/hamo-seme.com\/?page_id=15914","title":{"rendered":"Ap Mehmet Ali"},"content":{"rendered":"<div class=\"wpb-content-wrapper\"><p>[vc_row][vc_column][vc_column_text]<\/p>\n<h1 style=\"text-align: center;\">AP MEHMET AL\u0130 (1905 -1927)<\/h1>\n<p>Mehmet Ali, babas\u0131 gibi hatipdi. Ak\u0131c\u0131 ve s\u00fcr\u00fckleyici konu\u015fmalar\u0131yla kitleleri etkiler, istedi\u011fi istikamete y\u00f6neltirdi. \u00c7al\u0131\u015fmay\u0131 sevmez, daha on alt\u0131 on yedi ya\u015flar\u0131nda olmas\u0131na ra\u011fmen Mamki Kose\u2019nin Elbistanl\u0131 ve Ak\u00e7ada\u011fl\u0131 \u015feyhlerin cemaatlerine kat\u0131l\u0131r, konu\u015fmalar\u0131 y\u00f6netir, \u015feyhlerin sorular\u0131n\u0131 yan\u0131tlar m\u00fc\u015fk\u00fcllerini \u00e7\u00f6zerdi. Bu toplant\u0131larda daha \u00e7ok insan haklar\u0131 konular\u0131n\u0131 i\u015fler, babas\u0131n\u0131n d\u00fc\u015f\u00fcncelerini yaymaya \u00e7al\u0131\u015f\u0131rd\u0131.<\/p>\n<p>Mehmet Ali, Apseydin Kurtulu\u015f sava\u015f\u0131 g\u00fcnlerinde verdi\u011fi g\u00f6revleri eksiksiz yerine getirdi. Mustafa kemal H\u00fck\u00fcmeti i\u00e7in, \u015eeyhlerin deste\u011fi ile a\u015firetlerden para toplama ve gen\u00e7leri \u0130stiklal Harbine kat\u0131lmaya ikna etme konular\u0131nda etkin \u00e7al\u0131\u015fmalar yapt\u0131.<\/p>\n<p>Yirmi be\u015f ya\u015flar\u0131ndaki Mehmet Ali\u2019nin 1927 Ekimde asker olmas\u0131 gerekiyordu. Ancak Aziz\u2019in askerli\u011fi s\u0131ras\u0131nda b\u00fcy\u00fck \u00fcz\u00fcnt\u00fcler ya\u015fayan Apseyd, bir daha o g\u00fcnleri ya\u015famamak i\u00e7in Mehmet Ali den 525 madeni lira tutan askerlik bedelini g\u00f6t\u00fcr\u00fcp yat\u0131rmas\u0131n\u0131 istedi. Mehmet Ali \u00e7aresiz babas\u0131n\u0131n emrine uydu ve Haziran\u2019da bedeli \u00f6dedi, Eyl\u00fcl ay\u0131nda da aniden hastalanarak Hakk\u2019a y\u00fcr\u00fcd\u00fc.<\/p>\n<p>Mehmet Ali\u2019nin ani \u00f6l\u00fcm\u00fc S\u00f6be\u00e7imen\u2019i ve civar k\u00f6yleri yasa bo\u011fdu. Ya\u015fl\u0131 Apseyd\u2019in sa\u011fl\u0131\u011f\u0131 bozuldu, bir daha toparlanamad\u0131.<\/p>\n<p><strong>Seydi \u00d6zcan, \u015eeman \u2013 S\u00f6be\u00e7imen ve Aziz Baba Alevili\u011fi<\/strong>[\/vc_column_text][\/vc_column][\/vc_row]<\/p>\n<\/div>","protected":false},"excerpt":{"rendered":"<p>[vc_row][vc_column][vc_column_text] AP MEHMET AL\u0130 (1905 -1927) Mehmet Ali, babas\u0131 gibi hatipdi. Ak\u0131c\u0131 ve s\u00fcr\u00fckleyici konu\u015fmalar\u0131yla kitleleri etkiler, istedi\u011fi istikamete y\u00f6neltirdi. \u00c7al\u0131\u015fmay\u0131 sevmez, daha on alt\u0131 on yedi ya\u015flar\u0131nda olmas\u0131na ra\u011fmen Mamki Kose\u2019nin Elbistanl\u0131 ve Ak\u00e7ada\u011fl\u0131 \u015feyhlerin cemaatlerine kat\u0131l\u0131r, konu\u015fmalar\u0131 y\u00f6netir, \u015feyhlerin sorular\u0131n\u0131 yan\u0131tlar m\u00fc\u015fk\u00fcllerini \u00e7\u00f6zerdi. Bu toplant\u0131larda daha \u00e7ok insan haklar\u0131 konular\u0131n\u0131 i\u015fler, babas\u0131n\u0131n d\u00fc\u015f\u00fcncelerini&hellip;<\/p>\n","protected":false},"author":1,"featured_media":0,"parent":0,"menu_order":0,"comment_status":"closed","ping_status":"closed","template":"","meta":{"footnotes":""},"class_list":["post-15914","page","type-page","status-publish","hentry","description-off"],"yoast_head":"<!-- This site is optimized with the Yoast SEO plugin v15.5 - https:\/\/yoast.com\/wordpress\/plugins\/seo\/ -->\n<title>Ap Mehmet Ali - hamo-seme<\/title>\n<meta name=\"robots\" content=\"index, follow, max-snippet:-1, max-image-preview:large, max-video-preview:-1\" \/>\n<link rel=\"canonical\" href=\"https:\/\/hamo-seme.com\/?page_id=15914\" \/>\n<meta property=\"og:locale\" content=\"tr_TR\" \/>\n<meta property=\"og:type\" content=\"article\" \/>\n<meta property=\"og:title\" content=\"Ap Mehmet Ali - hamo-seme\" \/>\n<meta property=\"og:description\" content=\"[vc_row][vc_column][vc_column_text] AP MEHMET AL\u0130 (1905 -1927) Mehmet Ali, babas\u0131 gibi hatipdi. Ak\u0131c\u0131 ve s\u00fcr\u00fckleyici konu\u015fmalar\u0131yla kitleleri etkiler, istedi\u011fi istikamete y\u00f6neltirdi. \u00c7al\u0131\u015fmay\u0131 sevmez, daha on alt\u0131 on yedi ya\u015flar\u0131nda olmas\u0131na ra\u011fmen Mamki Kose\u2019nin Elbistanl\u0131 ve Ak\u00e7ada\u011fl\u0131 \u015feyhlerin cemaatlerine kat\u0131l\u0131r, konu\u015fmalar\u0131 y\u00f6netir, \u015feyhlerin sorular\u0131n\u0131 yan\u0131tlar m\u00fc\u015fk\u00fcllerini \u00e7\u00f6zerdi. Bu toplant\u0131larda daha \u00e7ok insan haklar\u0131 konular\u0131n\u0131 i\u015fler, babas\u0131n\u0131n d\u00fc\u015f\u00fcncelerini&hellip;\" \/>\n<meta property=\"og:url\" content=\"https:\/\/hamo-seme.com\/?page_id=15914\" \/>\n<meta property=\"og:site_name\" content=\"hamo-seme\" \/>\n<meta property=\"article:modified_time\" content=\"2021-02-21T20:37:26+00:00\" \/>\n<meta name=\"twitter:card\" content=\"summary_large_image\" \/>\n<meta name=\"twitter:label1\" content=\"Tahmini okuma s\u00fcresi\">\n\t<meta name=\"twitter:data1\" content=\"1 dakika\">\n<script type=\"application\/ld+json\" class=\"yoast-schema-graph\">{\"@context\":\"https:\/\/schema.org\",\"@graph\":[{\"@type\":\"WebSite\",\"@id\":\"https:\/\/hamo-seme.com\/#website\",\"url\":\"https:\/\/hamo-seme.com\/\",\"name\":\"hamo-seme\",\"description\":\"G\\u00eeniyan a\\u015firet mensubu : Dersim\\u2019den Sivas\\u2019a oradan Kayseri-Sar\\u0131z-S\\u00f6ve\\u00e7men\\u2019e g\\u00f6\\u00e7 etmi\\u015f, oradan t\\u00fcm d\\u00fcnyaya da\\u011f\\u0131lm\\u0131\\u015f bir aile.\",\"potentialAction\":[{\"@type\":\"SearchAction\",\"target\":\"https:\/\/hamo-seme.com\/?s={search_term_string}\",\"query-input\":\"required name=search_term_string\"}],\"inLanguage\":\"tr\"},{\"@type\":\"WebPage\",\"@id\":\"https:\/\/hamo-seme.com\/?page_id=15914#webpage\",\"url\":\"https:\/\/hamo-seme.com\/?page_id=15914\",\"name\":\"Ap Mehmet Ali - hamo-seme\",\"isPartOf\":{\"@id\":\"https:\/\/hamo-seme.com\/#website\"},\"datePublished\":\"2021-01-20T14:23:35+00:00\",\"dateModified\":\"2021-02-21T20:37:26+00:00\",\"inLanguage\":\"tr\",\"potentialAction\":[{\"@type\":\"ReadAction\",\"target\":[\"https:\/\/hamo-seme.com\/?page_id=15914\"]}]}]}<\/script>\n<!-- \/ Yoast SEO plugin. -->","_links":{"self":[{"href":"https:\/\/hamo-seme.com\/index.php?rest_route=\/wp\/v2\/pages\/15914","targetHints":{"allow":["GET"]}}],"collection":[{"href":"https:\/\/hamo-seme.com\/index.php?rest_route=\/wp\/v2\/pages"}],"about":[{"href":"https:\/\/hamo-seme.com\/index.php?rest_route=\/wp\/v2\/types\/page"}],"author":[{"embeddable":true,"href":"https:\/\/hamo-seme.com\/index.php?rest_route=\/wp\/v2\/users\/1"}],"replies":[{"embeddable":true,"href":"https:\/\/hamo-seme.com\/index.php?rest_route=%2Fwp%2Fv2%2Fcomments&post=15914"}],"version-history":[{"count":5,"href":"https:\/\/hamo-seme.com\/index.php?rest_route=\/wp\/v2\/pages\/15914\/revisions"}],"predecessor-version":[{"id":16671,"href":"https:\/\/hamo-seme.com\/index.php?rest_route=\/wp\/v2\/pages\/15914\/revisions\/16671"}],"wp:attachment":[{"href":"https:\/\/hamo-seme.com\/index.php?rest_route=%2Fwp%2Fv2%2Fmedia&parent=15914"}],"curies":[{"name":"wp","href":"https:\/\/api.w.org\/{rel}","templated":true}]}}