{"id":15921,"date":"2021-01-20T14:26:51","date_gmt":"2021-01-20T14:26:51","guid":{"rendered":"https:\/\/hamo-seme.com\/?page_id=15921"},"modified":"2021-02-21T20:38:46","modified_gmt":"2021-02-21T20:38:46","slug":"ap-davut-ali","status":"publish","type":"page","link":"https:\/\/hamo-seme.com\/?page_id=15921","title":{"rendered":"Ap Davut Ali"},"content":{"rendered":"<div class=\"wpb-content-wrapper\"><p>[vc_row][vc_column][vc_column_text]<\/p>\n<h1 style=\"text-align: center;\">AP DAVUT AL\u0130 (1907 -1991)<\/h1>\n<p>Mehmet Ali\u2019nin \u00f6l\u00fcm\u00fc ile sa\u011fl\u0131\u011f\u0131 bozulan yasl\u0131 ve ya\u015fl\u0131 Apseyd, zorunlu olarak evin y\u00f6netimini yirmi ya\u015f\u0131ndaki o\u011flu Davut Ali\u2019ye devretti.<\/p>\n<p>Davut Ali hen\u00fcz \u00e7ok gen\u00e7 ve deneyimsizdi. Ancak nitelikliydi. Anne babas\u0131n\u0131n g\u00fc\u00e7l\u00fc yanlar\u0131n\u0131 adeta se\u00e7ip alm\u0131\u015ft\u0131. G\u00fc\u00e7l\u00fc haf\u0131zas\u0131 ve s\u00f6z\u00fcn\u00fc sak\u0131nmamas\u0131 ile annesine, ticari yetene\u011fi, i\u015flerine duygular\u0131n\u0131 kar\u0131\u015ft\u0131rmamas\u0131, so\u011fukkanl\u0131l\u0131\u011f\u0131, muhatab\u0131n\u0131n fikirlerine sayg\u0131l\u0131 davranmas\u0131 \u00f6nemli kararlar \u00f6ncesinde aile bireylerine dan\u0131\u015fmas\u0131 ve \u015f\u0131k giyinmesi ile de babas\u0131na \u00e7ekmi\u015fti. Dini inan\u00e7lar konusunda o da \u015eem\u00e9\u2019nin etkisindeydi ve r\u00fcyalara inan\u0131rd\u0131. Ticaret i\u00e7in bir geziye \u00e7\u0131kmadan bir g\u00fcn \u00f6ncesinde annesinden \u2018\u2019niyetli\u2019\u2019 yatmas\u0131n\u0131 ister, ertesi g\u00fcn\u00fc, g\u00f6r\u00fclen r\u00fcyan\u0131n yorumuna g\u00f6re hareket ederdi.<\/p>\n<p>A\u011fabeyinin vefat\u0131 \u00fczerine evlili\u011fini erteleyen Davut Ali i\u00e7in 1928, \u2018\u2019zor bir y\u0131l\u2019\u2019 oldu. \u00d6nce \u015fiddetli k\u0131\u015f nedeni ile be\u015f y\u00fcz koyunu \u00f6ld\u00fc. Sonra Haziran da yap\u0131lan d\u00fc\u011f\u00fcn s\u0131ras\u0131nda s\u00fcrekli g\u00fc\u00e7l\u00fckler \u00e7\u0131karan ni\u015fanl\u0131s\u0131 Zeynep\u2019in dedesi Mehmet Kahya\u2019ya y\u00fckl\u00fc bir ba\u015fl\u0131k vermek zorunda kald\u0131. Bir y\u0131l \u00f6nce de askerlik bedeli \u00f6demi\u015flerdi. \u00dcst \u00fcste gelen bu olumsuzluklar aileyi maddi a\u00e7\u0131dan s\u0131k\u0131nt\u0131ya soktu.<\/p>\n<p>Ancak Davut Ali k\u0131sa s\u00fcrede, Aziz\u2019in de deste\u011fiyle, ticaret i\u015fini ilerletecek, aileyi i\u00e7inde bulundu\u011fu nakti darbo\u011fazdan kurtaracakt\u0131. Yine eskisi gibi k\u00f6yl\u00fcs\u00fcne yard\u0131mc\u0131 olacak, onlar\u0131 resmi makamlar nezdinde temsil edecekti. \u0130yilik yapt\u0131\u011f\u0131 insanlar\u0131 do\u011frudan veya dolayl\u0131 olarak asla istismar etmeyecek ve babas\u0131 gibi o da a\u011fal\u0131k \u00fcnvan\u0131n\u0131 benimseyecekti.<\/p>\n<p><strong>Seydi \u00d6zcan, \u015eeman \u2013 S\u00f6be\u00e7imen ve Aziz Baba Alevili\u011fi<\/strong>[\/vc_column_text][\/vc_column][\/vc_row]<\/p>\n<\/div>","protected":false},"excerpt":{"rendered":"<p>[vc_row][vc_column][vc_column_text] AP DAVUT AL\u0130 (1907 -1991) Mehmet Ali\u2019nin \u00f6l\u00fcm\u00fc ile sa\u011fl\u0131\u011f\u0131 bozulan yasl\u0131 ve ya\u015fl\u0131 Apseyd, zorunlu olarak evin y\u00f6netimini yirmi ya\u015f\u0131ndaki o\u011flu Davut Ali\u2019ye devretti. Davut Ali hen\u00fcz \u00e7ok gen\u00e7 ve deneyimsizdi. Ancak nitelikliydi. Anne babas\u0131n\u0131n g\u00fc\u00e7l\u00fc yanlar\u0131n\u0131 adeta se\u00e7ip alm\u0131\u015ft\u0131. G\u00fc\u00e7l\u00fc haf\u0131zas\u0131 ve s\u00f6z\u00fcn\u00fc sak\u0131nmamas\u0131 ile annesine, ticari yetene\u011fi, i\u015flerine duygular\u0131n\u0131 kar\u0131\u015ft\u0131rmamas\u0131, so\u011fukkanl\u0131l\u0131\u011f\u0131,&hellip;<\/p>\n","protected":false},"author":1,"featured_media":0,"parent":0,"menu_order":0,"comment_status":"closed","ping_status":"closed","template":"","meta":{"footnotes":""},"class_list":["post-15921","page","type-page","status-publish","hentry","description-off"],"yoast_head":"<!-- This site is optimized with the Yoast SEO plugin v15.5 - https:\/\/yoast.com\/wordpress\/plugins\/seo\/ -->\n<title>Ap Davut Ali - hamo-seme<\/title>\n<meta name=\"robots\" content=\"index, follow, max-snippet:-1, max-image-preview:large, max-video-preview:-1\" \/>\n<link rel=\"canonical\" href=\"https:\/\/hamo-seme.com\/?page_id=15921\" \/>\n<meta property=\"og:locale\" content=\"tr_TR\" \/>\n<meta property=\"og:type\" content=\"article\" \/>\n<meta property=\"og:title\" content=\"Ap Davut Ali - hamo-seme\" \/>\n<meta property=\"og:description\" content=\"[vc_row][vc_column][vc_column_text] AP DAVUT AL\u0130 (1907 -1991) Mehmet Ali\u2019nin \u00f6l\u00fcm\u00fc ile sa\u011fl\u0131\u011f\u0131 bozulan yasl\u0131 ve ya\u015fl\u0131 Apseyd, zorunlu olarak evin y\u00f6netimini yirmi ya\u015f\u0131ndaki o\u011flu Davut Ali\u2019ye devretti. Davut Ali hen\u00fcz \u00e7ok gen\u00e7 ve deneyimsizdi. Ancak nitelikliydi. Anne babas\u0131n\u0131n g\u00fc\u00e7l\u00fc yanlar\u0131n\u0131 adeta se\u00e7ip alm\u0131\u015ft\u0131. G\u00fc\u00e7l\u00fc haf\u0131zas\u0131 ve s\u00f6z\u00fcn\u00fc sak\u0131nmamas\u0131 ile annesine, ticari yetene\u011fi, i\u015flerine duygular\u0131n\u0131 kar\u0131\u015ft\u0131rmamas\u0131, so\u011fukkanl\u0131l\u0131\u011f\u0131,&hellip;\" \/>\n<meta property=\"og:url\" content=\"https:\/\/hamo-seme.com\/?page_id=15921\" \/>\n<meta property=\"og:site_name\" content=\"hamo-seme\" \/>\n<meta property=\"article:modified_time\" content=\"2021-02-21T20:38:46+00:00\" \/>\n<meta name=\"twitter:card\" content=\"summary_large_image\" \/>\n<meta name=\"twitter:label1\" content=\"Tahmini okuma s\u00fcresi\">\n\t<meta name=\"twitter:data1\" content=\"1 dakika\">\n<script type=\"application\/ld+json\" class=\"yoast-schema-graph\">{\"@context\":\"https:\/\/schema.org\",\"@graph\":[{\"@type\":\"WebSite\",\"@id\":\"https:\/\/hamo-seme.com\/#website\",\"url\":\"https:\/\/hamo-seme.com\/\",\"name\":\"hamo-seme\",\"description\":\"G\\u00eeniyan a\\u015firet mensubu : Dersim\\u2019den Sivas\\u2019a oradan Kayseri-Sar\\u0131z-S\\u00f6ve\\u00e7men\\u2019e g\\u00f6\\u00e7 etmi\\u015f, oradan t\\u00fcm d\\u00fcnyaya da\\u011f\\u0131lm\\u0131\\u015f bir aile.\",\"potentialAction\":[{\"@type\":\"SearchAction\",\"target\":\"https:\/\/hamo-seme.com\/?s={search_term_string}\",\"query-input\":\"required name=search_term_string\"}],\"inLanguage\":\"tr\"},{\"@type\":\"WebPage\",\"@id\":\"https:\/\/hamo-seme.com\/?page_id=15921#webpage\",\"url\":\"https:\/\/hamo-seme.com\/?page_id=15921\",\"name\":\"Ap Davut Ali - hamo-seme\",\"isPartOf\":{\"@id\":\"https:\/\/hamo-seme.com\/#website\"},\"datePublished\":\"2021-01-20T14:26:51+00:00\",\"dateModified\":\"2021-02-21T20:38:46+00:00\",\"inLanguage\":\"tr\",\"potentialAction\":[{\"@type\":\"ReadAction\",\"target\":[\"https:\/\/hamo-seme.com\/?page_id=15921\"]}]}]}<\/script>\n<!-- \/ Yoast SEO plugin. -->","_links":{"self":[{"href":"https:\/\/hamo-seme.com\/index.php?rest_route=\/wp\/v2\/pages\/15921","targetHints":{"allow":["GET"]}}],"collection":[{"href":"https:\/\/hamo-seme.com\/index.php?rest_route=\/wp\/v2\/pages"}],"about":[{"href":"https:\/\/hamo-seme.com\/index.php?rest_route=\/wp\/v2\/types\/page"}],"author":[{"embeddable":true,"href":"https:\/\/hamo-seme.com\/index.php?rest_route=\/wp\/v2\/users\/1"}],"replies":[{"embeddable":true,"href":"https:\/\/hamo-seme.com\/index.php?rest_route=%2Fwp%2Fv2%2Fcomments&post=15921"}],"version-history":[{"count":3,"href":"https:\/\/hamo-seme.com\/index.php?rest_route=\/wp\/v2\/pages\/15921\/revisions"}],"predecessor-version":[{"id":16672,"href":"https:\/\/hamo-seme.com\/index.php?rest_route=\/wp\/v2\/pages\/15921\/revisions\/16672"}],"wp:attachment":[{"href":"https:\/\/hamo-seme.com\/index.php?rest_route=%2Fwp%2Fv2%2Fmedia&parent=15921"}],"curies":[{"name":"wp","href":"https:\/\/api.w.org\/{rel}","templated":true}]}}