{"id":15922,"date":"2021-01-20T14:28:00","date_gmt":"2021-01-20T14:28:00","guid":{"rendered":"https:\/\/hamo-seme.com\/?page_id=15922"},"modified":"2021-02-21T20:40:06","modified_gmt":"2021-02-21T20:40:06","slug":"ap-ibrahim","status":"publish","type":"page","link":"https:\/\/hamo-seme.com\/?page_id=15922","title":{"rendered":"Ap \u0130brahim"},"content":{"rendered":"<div class=\"wpb-content-wrapper\"><p>[vc_row][vc_column][vc_column_text]<\/p>\n<h1 style=\"text-align: center;\">AP \u0130BRAH\u0130M (1909 -1979)<\/h1>\n<p>1929 y\u0131l\u0131nda G\u00fclistan ile evlenen, cesaretiyle \u015eem\u00e9\u2019ye, g\u00fczel konu\u015fmas\u0131yla babas\u0131na, fizi\u011fi ile day\u0131s\u0131 Ali Kahya\u2019ya benzeyen, al\u00e7ak g\u00f6n\u00fcll\u00fc, s\u0131cak ve sevecen \u0130brahim de m\u00fckemmel bir uyumla evin \u00e7ift\u00e7ilikle ilgili i\u015flerini y\u00fcr\u00fctecek, Aziz ile birlikte \u00fc\u00e7 karde\u015f \u00e7evre k\u00f6ylerin takdir ettikleri \u00f6rnek aile dayan\u0131\u015fmas\u0131 sergileyeceklerdi.<\/p>\n<p>\u0130brahim, karde\u015flerin ya\u015f\u00e7a en k\u00fc\u00e7\u00fc\u011f\u00fc, boyca en ufa\u011f\u0131yd\u0131. K\u0131vrak zek\u00e2s\u0131, ak\u0131c\u0131 dili ve al\u00e7ak g\u00f6n\u00fcll\u00fcl\u00fc\u011f\u00fc ile herkesin be\u011fenisini kazanan zarif ve kibar bir insand\u0131. Annesi Fate\u2019\u00a0 \u2018\u2019Domane\u2019 m\u0131 peroki zof bak\u0131le\u2019 ama irbame\u2019 m\u0131 s\u0131rf frenko: \u00e7ocuklar\u0131m\u0131n t\u00fcm\u00fc \u00e7ok ak\u0131ll\u0131 lakin \u0130brahim\u2019im bir ba\u015fka o bir frenk (bat\u0131l\u0131)dir.\u2019\u2019 Kolay kolay \u00f6fkelenmez, sinirlendi\u011fi zaman da y\u00fcz\u00fc bembeyaz kesilir, hi\u00e7bir bi\u00e7imde zapt edilemezdi. 1930\u2019larda kom\u015fular aras\u0131 bir kavgada tabancayla kar\u015f\u0131 gruba dalm\u0131\u015f, babas\u0131 Apseyd\u2019in uyar\u0131s\u0131na ra\u011fmen geri \u00e7ekilmeyince, Apseyd\u2019in demir kapl\u0131 bastonunu ba\u015f\u0131nda yemi\u015f, \u00fc\u00e7 g\u00fcn komada kalm\u0131\u015f, iki ay yatakta hasta yatm\u0131\u015ft\u0131. Biz o\u011fullar\u0131 ve ye\u011fenleri Aziz Baba ile Davut Ali\u2019ye daha mesafeliydik. \u0130brahim hem amcam\u0131z ve babam\u0131z, hem de dert orta\u011f\u0131m\u0131zd\u0131. Kendisiyle rahat\u00e7a konu\u015fur, tart\u0131\u015f\u0131r, hatta belirli \u00f6l\u00e7\u00fcler i\u00e7inde \u015fakala\u015f\u0131rd\u0131k. Kendisini gen\u00e7 denebilecek ya\u015fta kaybettik. Hastal\u0131\u011f\u0131 s\u0131ras\u0131nda tahamm\u00fcl s\u0131n\u0131rlar\u0131n\u0131 zorlayan b\u00fcy\u00fck ac\u0131lar\u0131na ra\u011fmen, inledi\u011fini duyan olmam\u0131\u015ft\u0131.<\/p>\n<p><strong>Seydi \u00d6zcan, \u015eeman \u2013 S\u00f6be\u00e7imen ve Aziz Baba Alevili\u011fi<\/strong><\/p>\n<p><strong>\u00a0<\/strong><\/p>\n<p>Seydi o\u011flu \u0130brahim \u00d6zcan\u2019\u0131n hicri 1327 de, miladi 1909 y\u0131l\u0131nda do\u011fdu\u011fu s\u00f6yleniyordu. D\u00f6rt erkek karde\u015fin en k\u00fc\u00e7\u00fc\u011f\u00fc idi. Seydi dedem erken \u00f6ld\u00fc\u011f\u00fc i\u00e7in Aziz Amcama a\u011fabey gibi de\u011fil baba gibi sayg\u0131 g\u00f6sterirlerdi. Hatta ona Ap Eziz diye hitap ederlerdi.<\/p>\n<p>Babam Aziziye (P\u0131narba\u015f\u0131\u2019nda) R\u00fc\u015ftiye o zaman\u0131n ortaokulunda okumu\u015f. Zeki ve \u00e7al\u0131\u015fkan oldu\u011funu, s\u0131n\u0131fta en g\u00fczel yaz\u0131y\u0131 babam\u0131n yazd\u0131\u011f\u0131n\u0131 Davut Ali amcamdan duymu\u015ftum.<\/p>\n<p>Babaannem Fat\u00e9 benim b\u00fct\u00fcn \u00e7ocuklar\u0131m ak\u0131ll\u0131 ama \u0130brahim\u2019im daha Frenk (siyasi-sosyal)dermi\u015f.<\/p>\n<p>S\u00f6be\u00e7imen de babam ve Davut Ali amcam ortak i\u015f yaparlard\u0131. Ayn\u0131 evde otururduk. Ev hayvanlar\u0131na, \u00e7iftlik i\u015flerine babam, yoz tabir edilen erkek koyun al\u0131p satma i\u015fine Davut Ali amcam bakard\u0131. Her \u015feyimiz ortakt\u0131. K\u00fct\u00fckl\u00fcye geldikten sonra ayr\u0131 evlerde oturmaya ba\u015flad\u0131k.<\/p>\n<p>\u015eem\u00e9\u2019nin torunlar\u0131 birbirine ba\u011fl\u0131 idi. Babam \u00e7ocuklar\u0131na \u00e7ok d\u00fc\u015fk\u00fcnd\u00fc. Mehmet Ali abimi Kayseri\u2019ye okula g\u00f6nderip eve d\u00f6nd\u00fc\u011f\u00fcnde anneme G\u00fclistan zaten ufak tefekti ama kamyona bindi\u011finde o kadar k\u00fc\u00e7\u00fcld\u00fc ki onu di\u011fer insanlar aras\u0131nda kaybettim demi\u015fti. A\u011flam\u0131\u015ft\u0131.<\/p>\n<p>Yine bir k\u0131\u015f \u0130slahiye\u2019ye koyun k\u0131\u015flatmaya gitmi\u015fti. O zaman ben Kayseri de lise \u00f6\u011frencisiydim. Mektupla haberle\u015fiyorduk. Ben grip oldu\u011fumu ve birka\u00e7 g\u00fcn okula gidemedi\u011fimi yazm\u0131\u015ft\u0131m. Mektup on be\u015f g\u00fcn sonra eline ge\u00e7mi\u015f. Yine de ayn\u0131 g\u00fcn trene binip Kayseri\u2019ye beni g\u00f6rmeye gelmi\u015fti.<\/p>\n<p>Evde \u00e7al\u0131\u015fanlara ve \u00e7obanlara \u00e7ok iyi davran\u0131rd\u0131. Asla a\u011fal\u0131k taslamaz onlarla ayn\u0131 sofraya otururdu. Keza \u00e7evresine de \u00e7ok m\u00fclayimdi. B\u00fcy\u00fcklerle b\u00fcy\u00fck k\u00fc\u00e7\u00fcklerle k\u00fc\u00e7\u00fckt\u00fc.<\/p>\n<p>Bizi okutmak i\u00e7in b\u00fct\u00fcn imk\u00e2nlar\u0131n\u0131 kullanaca\u011f\u0131n\u0131, gerekirse ceketini bile sataca\u011f\u0131n\u0131 s\u00f6ylerdi.<\/p>\n<p>Ya\u015f\u0131tlar\u0131na g\u00f6re daha fazla y\u0131pranm\u0131\u015ft\u0131. Daha sonra bir kan hastal\u0131\u011f\u0131 \u00e7\u0131kt\u0131. Bir, bir bu\u00e7uk ayda bir taze kan veriliyordu. O zaman T\u00fcrkiye de tam tan\u0131 konamad\u0131. Karde\u015fim Zeynep onu Berlin\u2019e g\u00f6t\u00fcrd\u00fc. Orada bir bu\u00e7uk ay hastanede yatt\u0131. Verilen ila\u00e7lar ile hayat\u0131n\u0131 idame ettiriyordu. Ancak 1979 ba\u015flar\u0131nda bir ba\u011f\u0131rsak d\u00fc\u011f\u00fcmlenmesi nedeni ile Ege \u00dcniversitesi T\u0131p Fak\u00fcltesi hastanesine yatt\u0131. Orada ameliyat oldu.<\/p>\n<p>Ben ziyaretine gitti\u011fimde kendisine uzakta oldu\u011fum i\u00e7in yeterince ilgilenemedi\u011fimi bu nedenle beni af etmesini istedim. Bana hi\u00e7 \u00fcz\u00fclme sen devaml\u0131 benim yan\u0131mdayd\u0131n. Ameliyat\u0131m\u0131 profes\u00f6r, pansumanlar\u0131m\u0131 do\u00e7ent yap\u0131yorsa, bu senin sayende, \u00c7\u00fcnk\u00fc Dr. \u015e\u00fckr\u00fc \u00d6zcan\u2019\u0131n babas\u0131 diyorlar. Ger\u00e7ekten ameliyat\u0131n\u0131 benim hocam yapm\u0131\u015ft\u0131. Pansumanlar\u0131n\u0131 da s\u0131n\u0131f arkada\u015f\u0131m Do\u00e7ent Ali Osmano\u011flu yap\u0131yordu.<\/p>\n<p>Ameliyattan sonra epeyce d\u00fczeldi. A\u011f\u0131zdan beslenmeye ba\u015flad\u0131. Bir hafta sonra beyine p\u0131ht\u0131 att\u0131 ve Hakka y\u00fcr\u00fcd\u00fc 14.01.1979 Kalbimizde ya\u015f\u0131yor. Mezar\u0131 \u0130zmir Bal\u00e7ova\u2019dad\u0131r.<\/p>\n<p><strong>Dr. \u015e\u00fckr\u00fc \u00d6zcan, 10.02.2021<\/strong>[\/vc_column_text][\/vc_column][\/vc_row]<\/p>\n<\/div>","protected":false},"excerpt":{"rendered":"<p>[vc_row][vc_column][vc_column_text] AP \u0130BRAH\u0130M (1909 -1979) 1929 y\u0131l\u0131nda G\u00fclistan ile evlenen, cesaretiyle \u015eem\u00e9\u2019ye, g\u00fczel konu\u015fmas\u0131yla babas\u0131na, fizi\u011fi ile day\u0131s\u0131 Ali Kahya\u2019ya benzeyen, al\u00e7ak g\u00f6n\u00fcll\u00fc, s\u0131cak ve sevecen \u0130brahim de m\u00fckemmel bir uyumla evin \u00e7ift\u00e7ilikle ilgili i\u015flerini y\u00fcr\u00fctecek, Aziz ile birlikte \u00fc\u00e7 karde\u015f \u00e7evre k\u00f6ylerin takdir ettikleri \u00f6rnek aile dayan\u0131\u015fmas\u0131 sergileyeceklerdi. \u0130brahim, karde\u015flerin ya\u015f\u00e7a en k\u00fc\u00e7\u00fc\u011f\u00fc, boyca&hellip;<\/p>\n","protected":false},"author":1,"featured_media":0,"parent":0,"menu_order":0,"comment_status":"closed","ping_status":"closed","template":"","meta":{"footnotes":""},"class_list":["post-15922","page","type-page","status-publish","hentry","description-off"],"yoast_head":"<!-- This site is optimized with the Yoast SEO plugin v15.5 - https:\/\/yoast.com\/wordpress\/plugins\/seo\/ -->\n<title>Ap \u0130brahim - hamo-seme<\/title>\n<meta name=\"robots\" content=\"index, follow, max-snippet:-1, max-image-preview:large, max-video-preview:-1\" \/>\n<link rel=\"canonical\" href=\"https:\/\/hamo-seme.com\/?page_id=15922\" \/>\n<meta property=\"og:locale\" content=\"tr_TR\" \/>\n<meta property=\"og:type\" content=\"article\" \/>\n<meta property=\"og:title\" content=\"Ap \u0130brahim - hamo-seme\" \/>\n<meta property=\"og:description\" content=\"[vc_row][vc_column][vc_column_text] AP \u0130BRAH\u0130M (1909 -1979) 1929 y\u0131l\u0131nda G\u00fclistan ile evlenen, cesaretiyle \u015eem\u00e9\u2019ye, g\u00fczel konu\u015fmas\u0131yla babas\u0131na, fizi\u011fi ile day\u0131s\u0131 Ali Kahya\u2019ya benzeyen, al\u00e7ak g\u00f6n\u00fcll\u00fc, s\u0131cak ve sevecen \u0130brahim de m\u00fckemmel bir uyumla evin \u00e7ift\u00e7ilikle ilgili i\u015flerini y\u00fcr\u00fctecek, Aziz ile birlikte \u00fc\u00e7 karde\u015f \u00e7evre k\u00f6ylerin takdir ettikleri \u00f6rnek aile dayan\u0131\u015fmas\u0131 sergileyeceklerdi. \u0130brahim, karde\u015flerin ya\u015f\u00e7a en k\u00fc\u00e7\u00fc\u011f\u00fc, boyca&hellip;\" \/>\n<meta property=\"og:url\" content=\"https:\/\/hamo-seme.com\/?page_id=15922\" \/>\n<meta property=\"og:site_name\" content=\"hamo-seme\" \/>\n<meta property=\"article:modified_time\" content=\"2021-02-21T20:40:06+00:00\" \/>\n<meta name=\"twitter:card\" content=\"summary_large_image\" \/>\n<meta name=\"twitter:label1\" content=\"Tahmini okuma s\u00fcresi\">\n\t<meta name=\"twitter:data1\" content=\"3 dakika\">\n<script type=\"application\/ld+json\" class=\"yoast-schema-graph\">{\"@context\":\"https:\/\/schema.org\",\"@graph\":[{\"@type\":\"WebSite\",\"@id\":\"https:\/\/hamo-seme.com\/#website\",\"url\":\"https:\/\/hamo-seme.com\/\",\"name\":\"hamo-seme\",\"description\":\"G\\u00eeniyan a\\u015firet mensubu : Dersim\\u2019den Sivas\\u2019a oradan Kayseri-Sar\\u0131z-S\\u00f6ve\\u00e7men\\u2019e g\\u00f6\\u00e7 etmi\\u015f, oradan t\\u00fcm d\\u00fcnyaya da\\u011f\\u0131lm\\u0131\\u015f bir aile.\",\"potentialAction\":[{\"@type\":\"SearchAction\",\"target\":\"https:\/\/hamo-seme.com\/?s={search_term_string}\",\"query-input\":\"required name=search_term_string\"}],\"inLanguage\":\"tr\"},{\"@type\":\"WebPage\",\"@id\":\"https:\/\/hamo-seme.com\/?page_id=15922#webpage\",\"url\":\"https:\/\/hamo-seme.com\/?page_id=15922\",\"name\":\"Ap \\u0130brahim - hamo-seme\",\"isPartOf\":{\"@id\":\"https:\/\/hamo-seme.com\/#website\"},\"datePublished\":\"2021-01-20T14:28:00+00:00\",\"dateModified\":\"2021-02-21T20:40:06+00:00\",\"inLanguage\":\"tr\",\"potentialAction\":[{\"@type\":\"ReadAction\",\"target\":[\"https:\/\/hamo-seme.com\/?page_id=15922\"]}]}]}<\/script>\n<!-- \/ Yoast SEO plugin. -->","_links":{"self":[{"href":"https:\/\/hamo-seme.com\/index.php?rest_route=\/wp\/v2\/pages\/15922","targetHints":{"allow":["GET"]}}],"collection":[{"href":"https:\/\/hamo-seme.com\/index.php?rest_route=\/wp\/v2\/pages"}],"about":[{"href":"https:\/\/hamo-seme.com\/index.php?rest_route=\/wp\/v2\/types\/page"}],"author":[{"embeddable":true,"href":"https:\/\/hamo-seme.com\/index.php?rest_route=\/wp\/v2\/users\/1"}],"replies":[{"embeddable":true,"href":"https:\/\/hamo-seme.com\/index.php?rest_route=%2Fwp%2Fv2%2Fcomments&post=15922"}],"version-history":[{"count":5,"href":"https:\/\/hamo-seme.com\/index.php?rest_route=\/wp\/v2\/pages\/15922\/revisions"}],"predecessor-version":[{"id":16673,"href":"https:\/\/hamo-seme.com\/index.php?rest_route=\/wp\/v2\/pages\/15922\/revisions\/16673"}],"wp:attachment":[{"href":"https:\/\/hamo-seme.com\/index.php?rest_route=%2Fwp%2Fv2%2Fmedia&parent=15922"}],"curies":[{"name":"wp","href":"https:\/\/api.w.org\/{rel}","templated":true}]}}