{"id":16013,"date":"2021-01-22T16:56:51","date_gmt":"2021-01-22T16:56:51","guid":{"rendered":"https:\/\/hamo-seme.com\/?page_id=16013"},"modified":"2023-02-09T12:13:29","modified_gmt":"2023-02-09T12:13:29","slug":"yitirdiklerimiz-4","status":"publish","type":"page","link":"https:\/\/hamo-seme.com\/?page_id=16013","title":{"rendered":"Yitirdiklerimiz"},"content":{"rendered":"<div class=\"wpb-content-wrapper\"><p style=\"text-align: left;\">[vc_row][vc_column][vc_column_text]<\/p>\n<p style=\"text-align: center;\"><strong>Seydi \u00d6zcan<\/strong> hakka y\u00fcr\u00fcm\u00fc\u015ft\u00fcr.<\/p>\n<p style=\"text-align: center;\">04.11.2020<\/p>\n<p style=\"text-align: center;\">Ap Mom\u0131t o\u011flu <strong>Haydar Bulu<\/strong>t hakka y\u00fcr\u00fcm\u00fc\u015ft\u00fcr.<\/p>\n<p style=\"text-align: center;\">24.09.2021<\/p>\n<p style=\"text-align: center;\">Ap Heyder K\u0131z\u0131 <strong>Z\u00f6hre Bulut Ertu\u011f<\/strong> hakka y\u00fcr\u00fcm\u00fc\u015ft\u00fcr.<\/p>\n<p style=\"text-align: center;\">07.10.2021<\/p>\n<p style=\"text-align: center;\">Ap Mom\u0131t o\u011flu <strong>Ali Bulut<\/strong> hakka y\u00fcr\u00fcm\u00fc\u015ft\u00fcr.<\/p>\n<p style=\"text-align: center;\">26.10.2021<\/p>\n<p style=\"text-align: center;\">Ap Davut Ali \u00d6zcan k\u0131z\u0131 <strong>Seval \u00d6zcan<\/strong> hakka y\u00fcr\u00fcm\u00fc\u015ft\u00fcr.<\/p>\n<p style=\"text-align: center;\">01.11.2021<\/p>\n<p style=\"text-align: center;\">Zeynep \u00d6zcan ve Ali Bulut&#8217;un k\u0131zlar\u0131\u00a0<strong>G\u00f6n\u00fcl Bulut\u00a0<\/strong>hakka y\u00fcr\u00fcm\u00fc\u015ft\u00fcr.<\/p>\n<p style=\"text-align: center;\">22.12.2021<\/p>\n<p style=\"text-align: center;\">\u00a0\u00a0\u00a0\u00a0\u00a0 AP Mehmet \u00d6zcan o\u011flu <strong>H\u00fcseyin \u00d6zcan<\/strong> (g\u00f6zl\u00fckl\u00fc) hakka y\u00fcr\u00fcm\u00fc\u015ft\u00fcr.<\/p>\n<p style=\"text-align: center;\">04.02.2023<\/p>\n<p>\u00a0\u00a0\u00a0\u00a0\u00a0\u00a0\u00a0\u00a0\u00a0\u00a0\u00a0\u00a0\u00a0\u00a0\u00a0\u00a0\u00a0\u00a0\u00a0\u00a0\u00a0\u00a0\u00a0\u00a0\u00a0\u00a0\u00a0\u00a0\u00a0\u00a0\u00a0\u00a0\u00a0\u00a0\u00a0\u00a0\u00a0\u00a0\u00a0\u00a0\u00a0\u00a0\u00a0\u00a0\u00a0\u00a0\u00a0\u00a0\u00a0\u00a0\u00a0\u00a0\u00a0\u00a0\u00a0\u00a0\u00a0\u00a0\u00a0\u00a0\u00a0\u00a0\u00a0 AP R\u0131za Aslan o\u011flu <strong>Ali Aslan<\/strong> hakka y\u00fcr\u00fcm\u00fc\u015ft\u00fcr.<\/p>\n<p style=\"text-align: center;\">04.02.2023<\/p>\n<p>[\/vc_column_text][\/vc_column][\/vc_row]<\/p>\n<\/div>","protected":false},"excerpt":{"rendered":"<p>[vc_row][vc_column][vc_column_text] Seydi \u00d6zcan hakka y\u00fcr\u00fcm\u00fc\u015ft\u00fcr. 04.11.2020 Ap Mom\u0131t o\u011flu Haydar Bulut hakka y\u00fcr\u00fcm\u00fc\u015ft\u00fcr. 24.09.2021 Ap Heyder K\u0131z\u0131 Z\u00f6hre Bulut Ertu\u011f hakka y\u00fcr\u00fcm\u00fc\u015ft\u00fcr. 07.10.2021 Ap Mom\u0131t o\u011flu Ali Bulut hakka y\u00fcr\u00fcm\u00fc\u015ft\u00fcr. 26.10.2021 Ap Davut Ali \u00d6zcan k\u0131z\u0131 Seval \u00d6zcan hakka y\u00fcr\u00fcm\u00fc\u015ft\u00fcr. 01.11.2021 Zeynep \u00d6zcan ve Ali Bulut&#8217;un k\u0131zlar\u0131\u00a0G\u00f6n\u00fcl Bulut\u00a0hakka y\u00fcr\u00fcm\u00fc\u015ft\u00fcr. 22.12.2021 \u00a0\u00a0\u00a0\u00a0\u00a0 AP Mehmet \u00d6zcan o\u011flu&hellip;<\/p>\n","protected":false},"author":1,"featured_media":0,"parent":0,"menu_order":0,"comment_status":"closed","ping_status":"closed","template":"","meta":{"footnotes":""},"class_list":["post-16013","page","type-page","status-publish","hentry","description-off"],"yoast_head":"<!-- This site is optimized with the Yoast SEO plugin v15.5 - https:\/\/yoast.com\/wordpress\/plugins\/seo\/ -->\n<title>Yitirdiklerimiz - hamo-seme<\/title>\n<meta name=\"robots\" content=\"index, follow, max-snippet:-1, max-image-preview:large, max-video-preview:-1\" \/>\n<link rel=\"canonical\" href=\"https:\/\/hamo-seme.com\/?page_id=16013\" \/>\n<meta property=\"og:locale\" content=\"tr_TR\" \/>\n<meta property=\"og:type\" content=\"article\" \/>\n<meta property=\"og:title\" content=\"Yitirdiklerimiz - hamo-seme\" \/>\n<meta property=\"og:description\" content=\"[vc_row][vc_column][vc_column_text] Seydi \u00d6zcan hakka y\u00fcr\u00fcm\u00fc\u015ft\u00fcr. 04.11.2020 Ap Mom\u0131t o\u011flu Haydar Bulut hakka y\u00fcr\u00fcm\u00fc\u015ft\u00fcr. 24.09.2021 Ap Heyder K\u0131z\u0131 Z\u00f6hre Bulut Ertu\u011f hakka y\u00fcr\u00fcm\u00fc\u015ft\u00fcr. 07.10.2021 Ap Mom\u0131t o\u011flu Ali Bulut hakka y\u00fcr\u00fcm\u00fc\u015ft\u00fcr. 26.10.2021 Ap Davut Ali \u00d6zcan k\u0131z\u0131 Seval \u00d6zcan hakka y\u00fcr\u00fcm\u00fc\u015ft\u00fcr. 01.11.2021 Zeynep \u00d6zcan ve Ali Bulut&#8217;un k\u0131zlar\u0131\u00a0G\u00f6n\u00fcl Bulut\u00a0hakka y\u00fcr\u00fcm\u00fc\u015ft\u00fcr. 22.12.2021 \u00a0\u00a0\u00a0\u00a0\u00a0 AP Mehmet \u00d6zcan o\u011flu&hellip;\" \/>\n<meta property=\"og:url\" content=\"https:\/\/hamo-seme.com\/?page_id=16013\" \/>\n<meta property=\"og:site_name\" content=\"hamo-seme\" \/>\n<meta property=\"article:modified_time\" content=\"2023-02-09T12:13:29+00:00\" \/>\n<meta name=\"twitter:card\" content=\"summary_large_image\" \/>\n<meta name=\"twitter:label1\" content=\"Tahmini okuma s\u00fcresi\">\n\t<meta name=\"twitter:data1\" content=\"0 dakika\">\n<script type=\"application\/ld+json\" class=\"yoast-schema-graph\">{\"@context\":\"https:\/\/schema.org\",\"@graph\":[{\"@type\":\"WebSite\",\"@id\":\"https:\/\/hamo-seme.com\/#website\",\"url\":\"https:\/\/hamo-seme.com\/\",\"name\":\"hamo-seme\",\"description\":\"G\\u00eeniyan a\\u015firet mensubu : Dersim\\u2019den Sivas\\u2019a oradan Kayseri-Sar\\u0131z-S\\u00f6ve\\u00e7men\\u2019e g\\u00f6\\u00e7 etmi\\u015f, oradan t\\u00fcm d\\u00fcnyaya da\\u011f\\u0131lm\\u0131\\u015f bir aile.\",\"potentialAction\":[{\"@type\":\"SearchAction\",\"target\":\"https:\/\/hamo-seme.com\/?s={search_term_string}\",\"query-input\":\"required name=search_term_string\"}],\"inLanguage\":\"tr\"},{\"@type\":\"WebPage\",\"@id\":\"https:\/\/hamo-seme.com\/?page_id=16013#webpage\",\"url\":\"https:\/\/hamo-seme.com\/?page_id=16013\",\"name\":\"Yitirdiklerimiz - hamo-seme\",\"isPartOf\":{\"@id\":\"https:\/\/hamo-seme.com\/#website\"},\"datePublished\":\"2021-01-22T16:56:51+00:00\",\"dateModified\":\"2023-02-09T12:13:29+00:00\",\"inLanguage\":\"tr\",\"potentialAction\":[{\"@type\":\"ReadAction\",\"target\":[\"https:\/\/hamo-seme.com\/?page_id=16013\"]}]}]}<\/script>\n<!-- \/ Yoast SEO plugin. -->","_links":{"self":[{"href":"https:\/\/hamo-seme.com\/index.php?rest_route=\/wp\/v2\/pages\/16013","targetHints":{"allow":["GET"]}}],"collection":[{"href":"https:\/\/hamo-seme.com\/index.php?rest_route=\/wp\/v2\/pages"}],"about":[{"href":"https:\/\/hamo-seme.com\/index.php?rest_route=\/wp\/v2\/types\/page"}],"author":[{"embeddable":true,"href":"https:\/\/hamo-seme.com\/index.php?rest_route=\/wp\/v2\/users\/1"}],"replies":[{"embeddable":true,"href":"https:\/\/hamo-seme.com\/index.php?rest_route=%2Fwp%2Fv2%2Fcomments&post=16013"}],"version-history":[{"count":23,"href":"https:\/\/hamo-seme.com\/index.php?rest_route=\/wp\/v2\/pages\/16013\/revisions"}],"predecessor-version":[{"id":16974,"href":"https:\/\/hamo-seme.com\/index.php?rest_route=\/wp\/v2\/pages\/16013\/revisions\/16974"}],"wp:attachment":[{"href":"https:\/\/hamo-seme.com\/index.php?rest_route=%2Fwp%2Fv2%2Fmedia&parent=16013"}],"curies":[{"name":"wp","href":"https:\/\/api.w.org\/{rel}","templated":true}]}}