{"id":16023,"date":"2021-01-22T17:05:32","date_gmt":"2021-01-22T17:05:32","guid":{"rendered":"https:\/\/hamo-seme.com\/?page_id=16023"},"modified":"2021-03-25T12:27:07","modified_gmt":"2021-03-25T12:27:07","slug":"yeni-doganlar","status":"publish","type":"page","link":"https:\/\/hamo-seme.com\/?page_id=16023","title":{"rendered":"Yeni Do\u011fanlar"},"content":{"rendered":"<div class=\"wpb-content-wrapper\"><p>[vc_row][vc_column][vc_column_text]<\/p>\n<p style=\"text-align: center;\"><strong>\u00d6zcan bebek aram\u0131za ho\u015fgeldin<\/strong><\/p>\n<p style=\"text-align: center;\"><strong>Dedesi<\/strong> : Mehmet Ali \u00d6zcan<\/p>\n<p style=\"text-align: center;\"><strong>Babas\u0131<\/strong> : Deniz \u00d6zcan<\/p>\n<p style=\"text-align: center;\"><strong>Annesi<\/strong> : Esra \u00d6zcan<\/p>\n<p style=\"text-align: center;\">16 ARALIK 2020<\/p>\n<p>[\/vc_column_text][\/vc_column][\/vc_row]<\/p>\n<p style=\"text-align: center;\"><strong>Hazal bebek aram\u0131za ho\u015fgeldin<\/strong><\/p>\n<p style=\"text-align: center;\"><strong>Dedesi<\/strong> : Abidin \u00d6zcan<\/p>\n<p style=\"text-align: center;\"><strong>Babas\u0131<\/strong> : Ali \u00d6zcan<\/p>\n<p style=\"text-align: center;\"><strong>Babaannesi<\/strong> : G\u00fcls\u00fcm \u00d6zcan<\/p>\n<p style=\"text-align: center;\">25 MART 2021<\/p>\n<\/div>","protected":false},"excerpt":{"rendered":"<p>[vc_row][vc_column][vc_column_text] \u00d6zcan bebek aram\u0131za ho\u015fgeldin Dedesi : Mehmet Ali \u00d6zcan Babas\u0131 : Deniz \u00d6zcan Annesi : Esra \u00d6zcan 16 ARALIK 2020 [\/vc_column_text][\/vc_column][\/vc_row] Hazal bebek aram\u0131za ho\u015fgeldin Dedesi : Abidin \u00d6zcan Babas\u0131 : Ali \u00d6zcan Babaannesi : G\u00fcls\u00fcm \u00d6zcan 25 MART 2021<\/p>\n","protected":false},"author":1,"featured_media":0,"parent":0,"menu_order":0,"comment_status":"closed","ping_status":"closed","template":"","meta":{"footnotes":""},"class_list":["post-16023","page","type-page","status-publish","hentry","description-off"],"yoast_head":"<!-- This site is optimized with the Yoast SEO plugin v15.5 - https:\/\/yoast.com\/wordpress\/plugins\/seo\/ -->\n<title>Yeni Do\u011fanlar - hamo-seme<\/title>\n<meta name=\"robots\" content=\"index, follow, max-snippet:-1, max-image-preview:large, max-video-preview:-1\" \/>\n<link rel=\"canonical\" href=\"https:\/\/hamo-seme.com\/?page_id=16023\" \/>\n<meta property=\"og:locale\" content=\"tr_TR\" \/>\n<meta property=\"og:type\" content=\"article\" \/>\n<meta property=\"og:title\" content=\"Yeni Do\u011fanlar - hamo-seme\" \/>\n<meta property=\"og:description\" content=\"[vc_row][vc_column][vc_column_text] \u00d6zcan bebek aram\u0131za ho\u015fgeldin Dedesi : Mehmet Ali \u00d6zcan Babas\u0131 : Deniz \u00d6zcan Annesi : Esra \u00d6zcan 16 ARALIK 2020 [\/vc_column_text][\/vc_column][\/vc_row] Hazal bebek aram\u0131za ho\u015fgeldin Dedesi : Abidin \u00d6zcan Babas\u0131 : Ali \u00d6zcan Babaannesi : G\u00fcls\u00fcm \u00d6zcan 25 MART 2021\" \/>\n<meta property=\"og:url\" content=\"https:\/\/hamo-seme.com\/?page_id=16023\" \/>\n<meta property=\"og:site_name\" content=\"hamo-seme\" \/>\n<meta property=\"article:modified_time\" content=\"2021-03-25T12:27:07+00:00\" \/>\n<meta name=\"twitter:card\" content=\"summary_large_image\" \/>\n<meta name=\"twitter:label1\" content=\"Tahmini okuma s\u00fcresi\">\n\t<meta name=\"twitter:data1\" content=\"0 dakika\">\n<script type=\"application\/ld+json\" class=\"yoast-schema-graph\">{\"@context\":\"https:\/\/schema.org\",\"@graph\":[{\"@type\":\"WebSite\",\"@id\":\"https:\/\/hamo-seme.com\/#website\",\"url\":\"https:\/\/hamo-seme.com\/\",\"name\":\"hamo-seme\",\"description\":\"G\\u00eeniyan a\\u015firet mensubu : Dersim\\u2019den Sivas\\u2019a oradan Kayseri-Sar\\u0131z-S\\u00f6ve\\u00e7men\\u2019e g\\u00f6\\u00e7 etmi\\u015f, oradan t\\u00fcm d\\u00fcnyaya da\\u011f\\u0131lm\\u0131\\u015f bir aile.\",\"potentialAction\":[{\"@type\":\"SearchAction\",\"target\":\"https:\/\/hamo-seme.com\/?s={search_term_string}\",\"query-input\":\"required name=search_term_string\"}],\"inLanguage\":\"tr\"},{\"@type\":\"WebPage\",\"@id\":\"https:\/\/hamo-seme.com\/?page_id=16023#webpage\",\"url\":\"https:\/\/hamo-seme.com\/?page_id=16023\",\"name\":\"Yeni Do\\u011fanlar - hamo-seme\",\"isPartOf\":{\"@id\":\"https:\/\/hamo-seme.com\/#website\"},\"datePublished\":\"2021-01-22T17:05:32+00:00\",\"dateModified\":\"2021-03-25T12:27:07+00:00\",\"inLanguage\":\"tr\",\"potentialAction\":[{\"@type\":\"ReadAction\",\"target\":[\"https:\/\/hamo-seme.com\/?page_id=16023\"]}]}]}<\/script>\n<!-- \/ Yoast SEO plugin. -->","_links":{"self":[{"href":"https:\/\/hamo-seme.com\/index.php?rest_route=\/wp\/v2\/pages\/16023","targetHints":{"allow":["GET"]}}],"collection":[{"href":"https:\/\/hamo-seme.com\/index.php?rest_route=\/wp\/v2\/pages"}],"about":[{"href":"https:\/\/hamo-seme.com\/index.php?rest_route=\/wp\/v2\/types\/page"}],"author":[{"embeddable":true,"href":"https:\/\/hamo-seme.com\/index.php?rest_route=\/wp\/v2\/users\/1"}],"replies":[{"embeddable":true,"href":"https:\/\/hamo-seme.com\/index.php?rest_route=%2Fwp%2Fv2%2Fcomments&post=16023"}],"version-history":[{"count":6,"href":"https:\/\/hamo-seme.com\/index.php?rest_route=\/wp\/v2\/pages\/16023\/revisions"}],"predecessor-version":[{"id":16741,"href":"https:\/\/hamo-seme.com\/index.php?rest_route=\/wp\/v2\/pages\/16023\/revisions\/16741"}],"wp:attachment":[{"href":"https:\/\/hamo-seme.com\/index.php?rest_route=%2Fwp%2Fv2%2Fmedia&parent=16023"}],"curies":[{"name":"wp","href":"https:\/\/api.w.org\/{rel}","templated":true}]}}