{"id":16260,"date":"2021-02-04T19:15:10","date_gmt":"2021-02-04T19:15:10","guid":{"rendered":"https:\/\/hamo-seme.com\/?page_id=16260"},"modified":"2021-02-21T20:46:04","modified_gmt":"2021-02-21T20:46:04","slug":"mehmet-ali-ozcan-ap-memo","status":"publish","type":"page","link":"https:\/\/hamo-seme.com\/?page_id=16260","title":{"rendered":"Mehmet Ali \u00d6zcan ( Ap Memo )"},"content":{"rendered":"<div class=\"wpb-content-wrapper\"><p>[vc_row][vc_column][vc_column_text]<\/p>\n<h2 style=\"text-align: center;\"><span style=\"font-weight: 400;\">Mehmet Ali \u00d6zcan (Ap Memo) (1921 -1981)<\/span><\/h2>\n<p>1921 y\u0131l\u0131nda Ap Eziz\u2019in ilk \u00e7ocu\u011fu olarak d\u00fcnyaya gelir. Ap Eziz\u2019in e\u011fitiminden ge\u00e7er. Osmanl\u0131ca (eski yaz\u0131) okuma ve yazmay\u0131 \u00f6\u011frenir. Daha sonra Latin harfleri ile de okuma yazmay\u0131 \u00f6\u011frenir. Edebiyata merakl\u0131d\u0131r. Arap\u00e7a, Fars\u00e7a \u00f6\u011frenir. Fuzuli en sevdi\u011fi \u015fairler aras\u0131ndad\u0131r. Bimar mahlas\u0131 ile \u015fiirler yazar. Aileden ve \u00e7evreden bir\u00e7ok ki\u015fiye okuma yazma \u00f6\u011fretmi\u015ftir.<\/p>\n<p>1937 veya 1938 y\u0131l\u0131nda yengesi G\u00fclistan\u2019\u0131n ye\u011feni Emine Demir ile evlenir. \u0130ki k\u0131z\u0131 ve bir o\u011flu olur.<\/p>\n<p>1946 y\u0131l\u0131nda, 4 y\u0131ll\u0131\u011f\u0131na gitti\u011fi askerli\u011fin 3. Y\u0131l\u0131nda verem hastal\u0131\u011f\u0131na yakalanarak hava de\u011fi\u015fimine g\u00f6nderilir. Ve bir daha askerli\u011fe geri d\u00f6nmez. O d\u00f6nemler i\u00e7in verem \u00e7ok tehlikeli bir hastal\u0131kt\u0131r. Ve kendi \u00e7abalar\u0131 ile uzun bir s\u00fcre bu hastal\u0131k ile ya\u015far. Bu hastal\u0131\u011fa kendi dikkati ve \u00f6zeni sayesinde ailesinde kimsede yakalanmaz.<\/p>\n<p>Hastal\u0131\u011f\u0131 ile beraber uzun bir s\u00fcre bir dervi\u015f hayat\u0131 ya\u015far. Alevi edebiyat\u0131na ve tarihine olduk\u00e7a merakl\u0131d\u0131r. Sohbetlerinin \u00e7o\u011funlu\u011fu bu eksendedir. \u00c7ok k\u0131sa s\u00fcrede do\u011fa\u00e7lama \u015fiir s\u00f6yleyebilir. \u00c7ok pratik zek\u00e2l\u0131 birisidir. Bir\u00e7ok konuda s\u00f6yleyecek s\u00f6z\u00fc vard\u0131r.<\/p>\n<p>1950 y\u0131l\u0131nda babas\u0131 Ap Eziz, karde\u015fleri Abdullah ve Seydi, Amcalar\u0131 Davut Ali, \u0130brahim, \u015e\u00fckr\u00fc ve amca \u00e7ocuklar\u0131 ile beraber k\u00fct\u00fckl\u00fcye ta\u015f\u0131n\u0131r. 1979 y\u0131l\u0131na kadar k\u00fct\u00fckl\u00fcde kal\u0131r. Bir s\u00fcre P\u0131narba\u015f\u0131 merkezde kald\u0131ktan sonra 1981 y\u0131l\u0131nda Ankara\u2019ya karde\u015fi Abdullah\u2019\u0131n yan\u0131na ta\u015f\u0131n\u0131r. Bu ta\u015f\u0131nmadan k\u0131sa bir s\u00fcre sonra Hakka y\u00fcr\u00fcr.<\/p>\n<p>\u015eiirlerin den elimizde olanlar<\/p>\n<p>K\u00dcT\u00dcKL\u00dcM<\/p>\n<p>&nbsp;<\/p>\n<p>Arkas\u0131nda da\u011flar \u00f6n\u00fcnde yaz\u0131<\/p>\n<p>\u00dcst\u00fcnde s\u00fcz\u00fcl\u00fcr do\u011fan\u0131n kaz\u0131<\/p>\n<p>Bey k\u00f6y\u00fcd\u00fcr ge\u00e7mez kimsenin s\u00f6z\u00fc<\/p>\n<p>Y\u00fckselir semaya ba\u015f\u0131n K\u00fct\u00fckl\u00fc&#8217;m<\/p>\n<p>&nbsp;<\/p>\n<p>Yine t\u00fcfek al\u0131r da\u011fa \u00e7\u0131karsam<\/p>\n<p>Sola han\u00e7er sa\u011fa la\u011fant takarsam<\/p>\n<p>\u015eekerp\u0131nar&#8217; nda k\u00fclah y\u0131karsam<\/p>\n<p>Harbe seyran olur d\u00f6\u015f\u00fcn K\u00fct\u00fckl\u00fc&#8217;m<\/p>\n<p>&nbsp;<\/p>\n<p>Att\u0131\u011f\u0131n mermiyi kimse atamaz<\/p>\n<p>Korkusundan d\u00fc\u015fman uyku tutamaz<\/p>\n<p>Yi\u011fit Abdullah&#8217; a d\u00fc\u015fman \u00e7atamaz<\/p>\n<p>Herkes senden y\u0131lar K\u00fct\u00fckl\u00fc&#8217;m<\/p>\n<p>&nbsp;<\/p>\n<p>Deli poyraz gibi esen K\u00fcrtlerim<\/p>\n<p>\u00c7elik b\u0131\u00e7ak gibi kesen K\u00fcrtlerim<\/p>\n<p>Mavzer gibi mermi kusan K\u00fcrtlerim<\/p>\n<p>Hor bakan\u0131 vurmak i\u015fin K\u00fct\u00fckl\u00fc&#8217; m<\/p>\n<p>&nbsp;<\/p>\n<p>Besmelesiz k\u00f6yden kimse ge\u00e7emez<\/p>\n<p>K\u0131r\u0131l\u0131r kanad\u0131 ku\u015flar u\u00e7amaz<\/p>\n<p>Bimar varken yadlar suyun i\u00e7emez<\/p>\n<p>\u00d6zcanlara helal a\u015f\u0131n K\u00fct\u00fckl\u00fc&#8217; m<\/p>\n<p>&nbsp;<\/p>\n<p>Bu \u015fiiri K\u00fct\u00fckl\u00fcye ta\u015f\u0131nd\u0131klar\u0131nda kendilerini ziyarete gelen Av\u015far ve \u00c7erkezleri korkutmak i\u00e7in yazm\u0131\u015ft\u0131r.<\/p>\n<p>&nbsp;<\/p>\n<p>&nbsp;<\/p>\n<p>&nbsp;<\/p>\n<p>&nbsp;<\/p>\n<p>&nbsp;<\/p>\n<p>&nbsp;<\/p>\n<p>MEKTUBUM<\/p>\n<p>&nbsp;<\/p>\n<p>Akl\u0131ma geldik\u00e7e sohbeti demi<\/p>\n<p>Beni hasta eder gam\u0131 elemi<\/p>\n<p>D\u00fc\u015f tozlu yollara g\u00f6t\u00fcr selam\u0131<\/p>\n<p>Halimi arzeyle yare mektubum<\/p>\n<p>&nbsp;<\/p>\n<p>Yakar bu can\u0131m\u0131 ate\u015fi hicran<\/p>\n<p>Vefas\u0131zlar bilmezler aman<\/p>\n<p>S\u00f6yle ona bari g\u00f6ndersin derman<\/p>\n<p>Ci\u011ferim gam ile yara mektubum<\/p>\n<p>&nbsp;<\/p>\n<p>Aman her nadana a\u00e7ma sen kal\u0131<\/p>\n<p>Meclisi rakipte h\u0131fz eyle dili<\/p>\n<p>Sak\u0131n sarp yerlere u\u011fratma yolu<\/p>\n<p>Dosdo\u011fru yoldan y\u00fcr\u00fc mektubum<\/p>\n<p>&nbsp;<\/p>\n<p>G\u00f6nl\u00fcnce devreder ge\u00e7er bu devran<\/p>\n<p>\u0130rinli yaraya s\u00fcr\u00fclmez merhem<\/p>\n<p>A\u011flat\u0131r Bimar&#8217;\u0131 bu derdi elem<\/p>\n<p>Selam\u0131m\u0131 ilet tezce mektubum<\/p>\n<p>&nbsp;<\/p>\n<p>Bu \u015fiiri Babas\u0131 Ap Eziz hastalan\u0131p Ankara\u2019ya tedavi olmak i\u00e7in gitti\u011finde yazm\u0131\u015ft\u0131r.<\/p>\n<p>&nbsp;<\/p>\n<p>ASLI VARMIDIR?<\/p>\n<p>&nbsp;<\/p>\n<p>Diyorlar ki sen bir g\u00fczel g\u00f6rm\u00fc\u015fs\u00fcn<\/p>\n<p>S\u00f6yle Bim\u00e2r, bunun asl\u0131 var m\u0131d\u0131r?<\/p>\n<p>Gayet \u00e7ok sevmi\u015fsin g\u00f6n\u00fcl vermi\u015fsin<\/p>\n<p>S\u00f6yle Bim\u00e2r, bunun asl\u0131 var m\u0131d\u0131r?<\/p>\n<p>&nbsp;<\/p>\n<p>Halkal\u0131 dururmu\u015f z\u00fclf\u00fcn kemendi<\/p>\n<p>Tesir eylemezmi\u015f a\u015f\u0131klar fendi<\/p>\n<p>Zincirden sa\u011flamm\u0131\u015f k\u0131r\u0131lmaz bendi<\/p>\n<p>S\u00f6yle Bim\u00e2r, bunun asl\u0131 var m\u0131d\u0131r?<\/p>\n<p>&nbsp;<\/p>\n<p>Oda bir nevreste yeni bir civan<\/p>\n<p>H\u00fcsn\u00fcyle akl\u0131m\u0131 etti peri\u015fan<\/p>\n<p>On d\u00f6rd\u00fcne girmi\u015f bir mahitaban<\/p>\n<p>S\u00f6yle Bim\u00e2r, bunun asl\u0131 var m\u0131d\u0131r?<\/p>\n<p>&nbsp;<\/p>\n<p>\u00c7ok hayran olmu\u015fsun ol h\u00fcsn\u00fc ala<\/p>\n<p>Elinde can\u0131n\u0131 sunmu\u015f peymana<\/p>\n<p>Derler ki budur seni eder divana<\/p>\n<p>S\u00f6yle Bim\u00e2r, bunun asl\u0131 var m\u0131d\u0131r?<\/p>\n<p>&nbsp;<\/p>\n<p>Sar\u0131 per\u00e7emli ahu bak\u0131\u015fl\u0131<\/p>\n<p>Kirpi\u011fi ka\u015f\u0131yla gayet nak\u0131\u015fl\u0131<\/p>\n<p>Bir mevzun endaml\u0131 yosma g\u00fcl\u00fc\u015fl\u00fc<\/p>\n<p>S\u00f6yle Bim\u00e2r, bunun asl\u0131 var m\u0131d\u0131r?<\/p>\n<p>&nbsp;<\/p>\n<p>&nbsp;<\/p>\n<p>&nbsp;<\/p>\n<p>&nbsp;<\/p>\n<p>Yumrukla ba\u015f\u0131n\u0131 d\u00f6ver imi\u015fsin<\/p>\n<p>\u00c7ok ko\u015fma \u00e7ok gazel yazar imi\u015fsin<\/p>\n<p>Yal\u0131n ayak a\u011flar gezer imi\u015fsin<\/p>\n<p>S\u00f6yle Bim\u00e2r, bunun asl\u0131 var m\u0131d\u0131r?<\/p>\n<p>&nbsp;<\/p>\n<p>Hastayd\u0131n ey Bim\u00e2r bunu niderdin<\/p>\n<p>Yan\u0131mda bazen s\u00f6z\u00fcn ederdin<\/p>\n<p>\u0130nleyip s\u0131zlay\u0131p da\u011fa giderdin<\/p>\n<p>S\u00f6yle Bim\u00e2r, bunun asl\u0131 var m\u0131d\u0131r?<\/p>\n<p>&nbsp;<\/p>\n<p>Bu \u015fiiri de kendisi i\u00e7in, Memo gizli birisine \u00e2\u015f\u0131k olmu\u015f, onun i\u00e7in odas\u0131ndan \u00e7\u0131km\u0131yor, diyenler i\u00e7in yazm\u0131\u015ft\u0131r.<\/p>\n<p>&nbsp;<\/p>\n<p>13 ya\u015f\u0131nda iken yitirdi\u011fim, Sevgili dedeme Sayg\u0131 ile.<\/p>\n<p>&nbsp;<\/p>\n<p>Ali Ekber \u00d6zcan, 0cak 2021[\/vc_column_text][\/vc_column][\/vc_row]<\/p>\n<\/div>","protected":false},"excerpt":{"rendered":"<p>[vc_row][vc_column][vc_column_text] Mehmet Ali \u00d6zcan (Ap Memo) (1921 -1981) 1921 y\u0131l\u0131nda Ap Eziz\u2019in ilk \u00e7ocu\u011fu olarak d\u00fcnyaya gelir. Ap Eziz\u2019in e\u011fitiminden ge\u00e7er. Osmanl\u0131ca (eski yaz\u0131) okuma ve yazmay\u0131 \u00f6\u011frenir. Daha sonra Latin harfleri ile de okuma yazmay\u0131 \u00f6\u011frenir. Edebiyata merakl\u0131d\u0131r. Arap\u00e7a, Fars\u00e7a \u00f6\u011frenir. Fuzuli en sevdi\u011fi \u015fairler aras\u0131ndad\u0131r. Bimar mahlas\u0131 ile \u015fiirler yazar. Aileden ve \u00e7evreden&hellip;<\/p>\n","protected":false},"author":1,"featured_media":0,"parent":0,"menu_order":0,"comment_status":"closed","ping_status":"closed","template":"","meta":{"footnotes":""},"class_list":["post-16260","page","type-page","status-publish","hentry","description-off"],"yoast_head":"<!-- This site is optimized with the Yoast SEO plugin v15.5 - https:\/\/yoast.com\/wordpress\/plugins\/seo\/ -->\n<title>Mehmet Ali \u00d6zcan ( Ap Memo ) - hamo-seme<\/title>\n<meta name=\"robots\" content=\"index, follow, max-snippet:-1, max-image-preview:large, max-video-preview:-1\" \/>\n<link rel=\"canonical\" href=\"https:\/\/hamo-seme.com\/?page_id=16260\" \/>\n<meta property=\"og:locale\" content=\"tr_TR\" \/>\n<meta property=\"og:type\" content=\"article\" \/>\n<meta property=\"og:title\" content=\"Mehmet Ali \u00d6zcan ( Ap Memo ) - hamo-seme\" \/>\n<meta property=\"og:description\" content=\"[vc_row][vc_column][vc_column_text] Mehmet Ali \u00d6zcan (Ap Memo) (1921 -1981) 1921 y\u0131l\u0131nda Ap Eziz\u2019in ilk \u00e7ocu\u011fu olarak d\u00fcnyaya gelir. Ap Eziz\u2019in e\u011fitiminden ge\u00e7er. Osmanl\u0131ca (eski yaz\u0131) okuma ve yazmay\u0131 \u00f6\u011frenir. Daha sonra Latin harfleri ile de okuma yazmay\u0131 \u00f6\u011frenir. Edebiyata merakl\u0131d\u0131r. Arap\u00e7a, Fars\u00e7a \u00f6\u011frenir. Fuzuli en sevdi\u011fi \u015fairler aras\u0131ndad\u0131r. Bimar mahlas\u0131 ile \u015fiirler yazar. Aileden ve \u00e7evreden&hellip;\" \/>\n<meta property=\"og:url\" content=\"https:\/\/hamo-seme.com\/?page_id=16260\" \/>\n<meta property=\"og:site_name\" content=\"hamo-seme\" \/>\n<meta property=\"article:modified_time\" content=\"2021-02-21T20:46:04+00:00\" \/>\n<meta name=\"twitter:card\" content=\"summary_large_image\" \/>\n<meta name=\"twitter:label1\" content=\"Tahmini okuma s\u00fcresi\">\n\t<meta name=\"twitter:data1\" content=\"4 dakika\">\n<script type=\"application\/ld+json\" class=\"yoast-schema-graph\">{\"@context\":\"https:\/\/schema.org\",\"@graph\":[{\"@type\":\"WebSite\",\"@id\":\"https:\/\/hamo-seme.com\/#website\",\"url\":\"https:\/\/hamo-seme.com\/\",\"name\":\"hamo-seme\",\"description\":\"G\\u00eeniyan a\\u015firet mensubu : Dersim\\u2019den Sivas\\u2019a oradan Kayseri-Sar\\u0131z-S\\u00f6ve\\u00e7men\\u2019e g\\u00f6\\u00e7 etmi\\u015f, oradan t\\u00fcm d\\u00fcnyaya da\\u011f\\u0131lm\\u0131\\u015f bir aile.\",\"potentialAction\":[{\"@type\":\"SearchAction\",\"target\":\"https:\/\/hamo-seme.com\/?s={search_term_string}\",\"query-input\":\"required name=search_term_string\"}],\"inLanguage\":\"tr\"},{\"@type\":\"WebPage\",\"@id\":\"https:\/\/hamo-seme.com\/?page_id=16260#webpage\",\"url\":\"https:\/\/hamo-seme.com\/?page_id=16260\",\"name\":\"Mehmet Ali \\u00d6zcan ( Ap Memo ) - hamo-seme\",\"isPartOf\":{\"@id\":\"https:\/\/hamo-seme.com\/#website\"},\"datePublished\":\"2021-02-04T19:15:10+00:00\",\"dateModified\":\"2021-02-21T20:46:04+00:00\",\"inLanguage\":\"tr\",\"potentialAction\":[{\"@type\":\"ReadAction\",\"target\":[\"https:\/\/hamo-seme.com\/?page_id=16260\"]}]}]}<\/script>\n<!-- \/ Yoast SEO plugin. -->","_links":{"self":[{"href":"https:\/\/hamo-seme.com\/index.php?rest_route=\/wp\/v2\/pages\/16260","targetHints":{"allow":["GET"]}}],"collection":[{"href":"https:\/\/hamo-seme.com\/index.php?rest_route=\/wp\/v2\/pages"}],"about":[{"href":"https:\/\/hamo-seme.com\/index.php?rest_route=\/wp\/v2\/types\/page"}],"author":[{"embeddable":true,"href":"https:\/\/hamo-seme.com\/index.php?rest_route=\/wp\/v2\/users\/1"}],"replies":[{"embeddable":true,"href":"https:\/\/hamo-seme.com\/index.php?rest_route=%2Fwp%2Fv2%2Fcomments&post=16260"}],"version-history":[{"count":6,"href":"https:\/\/hamo-seme.com\/index.php?rest_route=\/wp\/v2\/pages\/16260\/revisions"}],"predecessor-version":[{"id":16675,"href":"https:\/\/hamo-seme.com\/index.php?rest_route=\/wp\/v2\/pages\/16260\/revisions\/16675"}],"wp:attachment":[{"href":"https:\/\/hamo-seme.com\/index.php?rest_route=%2Fwp%2Fv2%2Fmedia&parent=16260"}],"curies":[{"name":"wp","href":"https:\/\/api.w.org\/{rel}","templated":true}]}}