{"id":16270,"date":"2021-02-05T19:55:25","date_gmt":"2021-02-05T19:55:25","guid":{"rendered":"https:\/\/hamo-seme.com\/?page_id=16270"},"modified":"2021-02-22T19:29:27","modified_gmt":"2021-02-22T19:29:27","slug":"mahmut-bulut","status":"publish","type":"page","link":"https:\/\/hamo-seme.com\/?page_id=16270","title":{"rendered":"Mahmut Bulut"},"content":{"rendered":"<div class=\"wpb-content-wrapper\"><p>[vc_row][vc_column][vc_column_text]<\/p>\n<h2 style=\"text-align: center;\">MAHMUT BULUT\u00a0 (AP MOMIT) (1908-1979)<\/h2>\n<p>Hamo dedemizin birinci kar\u0131s\u0131 \u00f6l\u00fcnce \u015eeme ad\u0131nda ikinci bir han\u0131mla evlenir. Hamo\u2019nun ilk kar\u0131s\u0131ndan d\u00fcnyaya gelen o\u011flunun ad\u0131 Haydar (Haydo) Haydo\u2019nun bir o\u011flu var ad\u0131 Ali dir. Ali\u2019nin \u00e7ocuklar\u0131na Ali Haydo ad\u0131 verilirken Hamo\u2019nun ikinci kar\u0131s\u0131 olan \u015eem\u00e9 den d\u00fcnyaya gelen \u00e7ocuklar\u0131na da \u015eeman denilmektedir. Alinin dokuz o\u011flan \u00e7ocu\u011fundan birinin o\u011flu Mahmut\u2019tur. Resimde de g\u00f6r\u00fcld\u00fc\u011f\u00fc gibi sakall\u0131 Mahmut. Annesinin ad\u0131 Naz\u00e9. Sakall\u0131 Mahmut Esma ad\u0131nda bir kad\u0131nla evlenir. O Kad\u0131ndan d\u00fcnyaya d\u00f6rt o\u011flu d\u00f6rt de k\u0131z\u0131 d\u00fcnyaya gelir, halen hayattad\u0131rlar. O\u011flan \u00e7ocuklar\u0131n\u0131n ad\u0131 dedesinin ad\u0131 olan Ali\u2019dir. Ali den ba\u015fka \u015e\u00fckr\u00fc, Haydar ve Musa ad\u0131nda ki \u00e7ocuklar\u0131 iken k\u0131zlar\u0131n\u0131n adlar\u0131 ise Z\u00f6hre, Elif, Fatma ve Leyla\u2019d\u0131r (Ho\u015fe). Mahmut ile Esma\u2019dan olan yukar\u0131da adlar\u0131 ge\u00e7en \u00e7ocuklar\u0131n\u0131n hepsi de evli ve \u00e7oluk \u00e7ocuk sahibi kimselerdir. Onlardan Ali ile Musa \u0130zmir de oturmakta iken \u00f6teki karde\u015flerin her biri ba\u015fka bir \u015fehirde veya \u00fclkede ikamet etmektedirler.<\/p>\n<p>Mahmut ve Esma sad\u0131k birer e\u015f ve cefak\u00e2r birer ebeveyn idiler. Darl\u0131k ve zorluk i\u00e7inde hatta bir kara nefes kesici k\u0131tl\u0131k y\u0131l\u0131nda bile kendileri a\u00e7 kald\u0131lar ama \u00e7ocuklar\u0131n\u0131 doyurmaya ve hayata tutunmalar\u0131 i\u00e7in \u00e7aba g\u00f6sterdiler. O k\u0131tl\u0131k y\u0131llar\u0131nda Sakall\u0131 Mahmut \u00e7ocuklar\u0131 a\u00e7l\u0131ktan \u00f6lmesinler diye ta uzun yayladan terki ile bir heybe un yeti\u015ftirmi\u015fti evine. O undan yap\u0131lan \u00e7\u00f6reklerden \u00e7ocuklar\u0131n\u0131n her birine birer \u00e7\u00f6rek vermi\u015f bir tanesini de \u00f6k\u00fczleri yaymakta olan o\u011flu Ali ye ay\u0131rm\u0131\u015ft\u0131. Ali ise anas\u0131n\u0131n yemeye k\u0131yamad\u0131\u011f\u0131 o \u00e7\u00f6re\u011fi yememi\u015f ak\u015fam yemlik otu ile birlikte anas\u0131na g\u00f6t\u00fcrm\u00fc\u015ft\u00fc.\u00a0 \u00d6k\u00fczleri dama s\u00fcren Ali belindeki \u00e7\u0131k\u0131n\u0131 a\u00e7\u0131p bir buda\u011fa takm\u0131\u015f anas\u0131n\u0131 inek sa\u011fmaya gitmi\u015fti. Anas\u0131 ile Ali geri geldiklerinde isse dala as\u0131l\u0131 olan o \u00e7\u00f6re\u011fi \u00e7\u0131k\u0131nla birlikte alaca ine\u011fin a\u011fz\u0131nda ufalamakta oldu\u011funu g\u00f6rm\u00fc\u015fler ikisi birbirine sar\u0131l\u0131p a\u011flamaya ba\u015flam\u0131\u015flard\u0131. Anas\u0131 yememi\u015f o\u011fluna ay\u0131rm\u0131\u015f o\u011flan da yememi\u015f anas\u0131na geri getirmi\u015fti Alaca ine\u011fin a\u011fz\u0131n\u0131n k\u00f6p\u00fcrte k\u00f6p\u00fcrte yedi\u011fi otlu \u00e7\u00f6re\u011fi. An\u0131msanmas\u0131 anlat\u0131lmas\u0131 bile insan\u0131n bo\u011faz\u0131n\u0131 t\u0131k\u0131yor. Ama Sakall\u0131 Mahmut ise gece g\u00fcnd\u00fcz demeden, yaz k\u0131\u015f ay\u0131r\u0131m\u0131 yapmadan, ya\u011fmur dolu dinlemeden, hep evde kalabal\u0131k olan \u00e7ocuklar\u0131n\u0131n ge\u00e7imi i\u00e7in u\u011fra\u015f\u0131yordu. B\u00fct\u00fcn bir yaz evde didinip durdu\u011fu gibi k\u0131\u015f mevsimi de nafaka elde etmek i\u00e7in \u00c7ukurova\u2019ya k\u00f6k s\u00f6kmeye giderdi. K\u00f6k s\u00f6kme zor bir i\u015f oldu\u011fu i\u00e7in insanlar zor durumlar\u0131 &#8220;Adama K\u00f6k S\u00f6kt\u00fcr\u00fcrler&#8221; diye anlatmakta idiler. Babam ise o k\u00f6k s\u00f6kme i\u015fini kendisi i\u00e7in bir tatil s\u00fcresi olarak alg\u0131lamakta ve &#8220;K\u00f6k s\u00f6kerken hi\u00e7 de\u011filse insan\u0131n kendisine yatma ve yemek yeme zaman\u0131n\u0131 ay\u0131r\u0131r&#8221; diyerek evde iken o zaman\u0131 bile bulamad\u0131\u011f\u0131 i\u00e7in k\u00f6k s\u00f6kme zaman\u0131n\u0131 kendisi i\u00e7in tatil s\u00fcresi olarak alg\u0131lard\u0131.<\/p>\n<p>Annem de, Babam da kom\u015fular\u0131yla \u00e7ok iyi ge\u00e7inen kimselerdir. K\u00fct\u00fckl\u00fc denen yere vard\u0131ktan sonra bile \u00c7alolar\u2019dan kom\u015fular\u0131m\u0131z evimize gelip\u00a0 \u2018\u2019Esma Bac\u0131 bize bir Bulgur Pilav\u0131 pi\u015fir&#8221; diyerek anam\u0131n ne kadar g\u00fczel bulgur pilav\u0131n\u0131 pi\u015firdiklerini hat\u0131rlatmak istemekte idiler. Babam her \u00c7ukurova taraf\u0131na \u00e7al\u0131\u015fmaya gitti\u011fi i\u00e7in anam ve Z\u00f6hre ad\u0131ndaki yengem Aziz Amcan\u0131n muhabbet ve sevgi kokan Hakikatliler odas\u0131na giderlerdi. \u0130kisinin de g\u00fczel sesi oldu\u011fundan ikisi birlikte Abdullah Amcan\u0131n saz\u0131 e\u015fli\u011finde<\/p>\n<p>Bir g\u00fcnahk\u00e2r aciz kulum<br \/>\n\u015eah H\u00fcseynim der a\u011flar\u0131m<br \/>\nB\u00fclb\u00fcl olmu\u015f \u00f6ter dilim<br \/>\n\u015eah H\u00fcseynim der a\u011flar\u0131m<\/p>\n<p>Efk\u00e2r\u0131m bu ezkar\u0131m bu<br \/>\nHer ticaret her k\u00e2r\u0131m bu<br \/>\nRuzu \u015eeb ahuzar\u0131m bu<br \/>\n\u015eah H\u00fcseynim der a\u011flar\u0131m<\/p>\n<p>Meluli\u2019yim \u015fad olamam<br \/>\nHer dem a\u011flar\u0131m g\u00fclemem<br \/>\nBundan gayr\u0131 s\u00f6z bilemem<br \/>\n\u015eah H\u00fcseynim der a\u011flar\u0131m<\/p>\n<p>T\u00fcrden deyi\u015fleri birlikte cemaate okurlard\u0131. Bizim k\u00fclt\u00fcr\u00fcm\u00fczde kad\u0131n erkek ay\u0131r\u0131m\u0131 yoktu. Kad\u0131nlarda erkeklerle birlikte ayni s\u0131rada otururlar onlarla birlikte deyi\u015f s\u00f6ylerlerdi. Hatta baz\u0131 durumlarda kad\u0131nlar s\u00f6z al\u0131p konu\u015furken erkekler onlara gereken sayg\u0131 ve \u00f6zeni g\u00f6sterirlerdi. B\u00fcy\u00fcklerimizden anlatt\u0131klar\u0131ndan ve daha sonra okudu\u011fumuz kitaplardan \u00f6\u011frendiklerimizden anlamakta idik ki biz Zazalar\u0131n k\u00fclt\u00fcr\u00fc ta \u015faman T\u00fcrk k\u00fclt\u00fcr\u00fcnden ba\u015flayarak Horasan oradan Dersime ve Dersimden de Binbo\u011fan\u0131n 2 bin metre y\u00fckseklikteki bir platonun \u00fczerine kurulmu\u015f olan K\u00fc\u00e7\u00fck S\u00f6be\u00e7imen k\u00f6y\u00fcne kadar uzanm\u0131\u015f bulunmakta idi. Bu hafta H\u0131z\u0131r Orucu Haftas\u0131d\u0131r. H\u0131z\u0131r orucu 13 Ocakta ba\u015flar \u00fc\u00e7 g\u00fcn s\u00fcrerdi. O gelenekte bize yine eski Horasan K\u00fclt\u00fcr\u00fcnden beri devam etmekte idi. H\u0131z\u0131r haftas\u0131nda k\u00f6yl\u00fclerimiz ya\u015fl\u0131 ve kimsesizleri ziyaret eder onlara hediyeler \u00f6zellikle de yiyecek maddeleri g\u00f6t\u00fcr\u00fcrlerdi. Kom\u015fu ve akrabalar o hafta i\u00e7inde kendi ya\u015fl\u0131lar\u0131 i\u00e7in yemek haz\u0131rlay\u0131p yak\u0131n ko\u015fular\u0131 da davet ederlerdi. Hani bir s\u00f6z var hayali cihan de\u011fer diye. O g\u00fcnlerin hepsi hayal oldu. Babam ailem ve k\u00f6y\u00fcm\u00fcz hakk\u0131nda \u015fimdilik yazaca\u011f\u0131m bu kadar Hamo ve \u015eeme program\u0131n\u0131 haz\u0131rlayanlar \u00e7ok te\u015fekk\u00fcr eder sa\u011fl\u0131k ve ba\u015far\u0131lar dilerim.<\/p>\n<p>\u00c7ar\u0131ks\u0131z Ali, Ali Bulut 04.02.2021[\/vc_column_text][\/vc_column][\/vc_row]<\/p>\n<\/div>","protected":false},"excerpt":{"rendered":"<p>[vc_row][vc_column][vc_column_text] MAHMUT BULUT\u00a0 (AP MOMIT) (1908-1979) Hamo dedemizin birinci kar\u0131s\u0131 \u00f6l\u00fcnce \u015eeme ad\u0131nda ikinci bir han\u0131mla evlenir. Hamo\u2019nun ilk kar\u0131s\u0131ndan d\u00fcnyaya gelen o\u011flunun ad\u0131 Haydar (Haydo) Haydo\u2019nun bir o\u011flu var ad\u0131 Ali dir. Ali\u2019nin \u00e7ocuklar\u0131na Ali Haydo ad\u0131 verilirken Hamo\u2019nun ikinci kar\u0131s\u0131 olan \u015eem\u00e9 den d\u00fcnyaya gelen \u00e7ocuklar\u0131na da \u015eeman denilmektedir. Alinin dokuz o\u011flan \u00e7ocu\u011fundan&hellip;<\/p>\n","protected":false},"author":1,"featured_media":0,"parent":0,"menu_order":0,"comment_status":"closed","ping_status":"closed","template":"","meta":{"footnotes":""},"class_list":["post-16270","page","type-page","status-publish","hentry","description-off"],"yoast_head":"<!-- This site is optimized with the Yoast SEO plugin v15.5 - https:\/\/yoast.com\/wordpress\/plugins\/seo\/ -->\n<title>Mahmut Bulut - hamo-seme<\/title>\n<meta name=\"robots\" content=\"index, follow, max-snippet:-1, max-image-preview:large, max-video-preview:-1\" \/>\n<link rel=\"canonical\" href=\"https:\/\/hamo-seme.com\/?page_id=16270\" \/>\n<meta property=\"og:locale\" content=\"tr_TR\" \/>\n<meta property=\"og:type\" content=\"article\" \/>\n<meta property=\"og:title\" content=\"Mahmut Bulut - hamo-seme\" \/>\n<meta property=\"og:description\" content=\"[vc_row][vc_column][vc_column_text] MAHMUT BULUT\u00a0 (AP MOMIT) (1908-1979) Hamo dedemizin birinci kar\u0131s\u0131 \u00f6l\u00fcnce \u015eeme ad\u0131nda ikinci bir han\u0131mla evlenir. Hamo\u2019nun ilk kar\u0131s\u0131ndan d\u00fcnyaya gelen o\u011flunun ad\u0131 Haydar (Haydo) Haydo\u2019nun bir o\u011flu var ad\u0131 Ali dir. Ali\u2019nin \u00e7ocuklar\u0131na Ali Haydo ad\u0131 verilirken Hamo\u2019nun ikinci kar\u0131s\u0131 olan \u015eem\u00e9 den d\u00fcnyaya gelen \u00e7ocuklar\u0131na da \u015eeman denilmektedir. Alinin dokuz o\u011flan \u00e7ocu\u011fundan&hellip;\" \/>\n<meta property=\"og:url\" content=\"https:\/\/hamo-seme.com\/?page_id=16270\" \/>\n<meta property=\"og:site_name\" content=\"hamo-seme\" \/>\n<meta property=\"article:modified_time\" content=\"2021-02-22T19:29:27+00:00\" \/>\n<meta name=\"twitter:card\" content=\"summary_large_image\" \/>\n<meta name=\"twitter:label1\" content=\"Tahmini okuma s\u00fcresi\">\n\t<meta name=\"twitter:data1\" content=\"4 dakika\">\n<script type=\"application\/ld+json\" class=\"yoast-schema-graph\">{\"@context\":\"https:\/\/schema.org\",\"@graph\":[{\"@type\":\"WebSite\",\"@id\":\"https:\/\/hamo-seme.com\/#website\",\"url\":\"https:\/\/hamo-seme.com\/\",\"name\":\"hamo-seme\",\"description\":\"G\\u00eeniyan a\\u015firet mensubu : Dersim\\u2019den Sivas\\u2019a oradan Kayseri-Sar\\u0131z-S\\u00f6ve\\u00e7men\\u2019e g\\u00f6\\u00e7 etmi\\u015f, oradan t\\u00fcm d\\u00fcnyaya da\\u011f\\u0131lm\\u0131\\u015f bir aile.\",\"potentialAction\":[{\"@type\":\"SearchAction\",\"target\":\"https:\/\/hamo-seme.com\/?s={search_term_string}\",\"query-input\":\"required name=search_term_string\"}],\"inLanguage\":\"tr\"},{\"@type\":\"WebPage\",\"@id\":\"https:\/\/hamo-seme.com\/?page_id=16270#webpage\",\"url\":\"https:\/\/hamo-seme.com\/?page_id=16270\",\"name\":\"Mahmut Bulut - hamo-seme\",\"isPartOf\":{\"@id\":\"https:\/\/hamo-seme.com\/#website\"},\"datePublished\":\"2021-02-05T19:55:25+00:00\",\"dateModified\":\"2021-02-22T19:29:27+00:00\",\"inLanguage\":\"tr\",\"potentialAction\":[{\"@type\":\"ReadAction\",\"target\":[\"https:\/\/hamo-seme.com\/?page_id=16270\"]}]}]}<\/script>\n<!-- \/ Yoast SEO plugin. -->","_links":{"self":[{"href":"https:\/\/hamo-seme.com\/index.php?rest_route=\/wp\/v2\/pages\/16270","targetHints":{"allow":["GET"]}}],"collection":[{"href":"https:\/\/hamo-seme.com\/index.php?rest_route=\/wp\/v2\/pages"}],"about":[{"href":"https:\/\/hamo-seme.com\/index.php?rest_route=\/wp\/v2\/types\/page"}],"author":[{"embeddable":true,"href":"https:\/\/hamo-seme.com\/index.php?rest_route=\/wp\/v2\/users\/1"}],"replies":[{"embeddable":true,"href":"https:\/\/hamo-seme.com\/index.php?rest_route=%2Fwp%2Fv2%2Fcomments&post=16270"}],"version-history":[{"count":4,"href":"https:\/\/hamo-seme.com\/index.php?rest_route=\/wp\/v2\/pages\/16270\/revisions"}],"predecessor-version":[{"id":16685,"href":"https:\/\/hamo-seme.com\/index.php?rest_route=\/wp\/v2\/pages\/16270\/revisions\/16685"}],"wp:attachment":[{"href":"https:\/\/hamo-seme.com\/index.php?rest_route=%2Fwp%2Fv2%2Fmedia&parent=16270"}],"curies":[{"name":"wp","href":"https:\/\/api.w.org\/{rel}","templated":true}]}}