{"id":16805,"date":"2021-03-29T21:15:16","date_gmt":"2021-03-29T21:15:16","guid":{"rendered":"https:\/\/hamo-seme.com\/?page_id=16805"},"modified":"2021-03-29T21:16:51","modified_gmt":"2021-03-29T21:16:51","slug":"zohre-demir-bulut","status":"publish","type":"page","link":"https:\/\/hamo-seme.com\/?page_id=16805","title":{"rendered":"Z\u00f6hre Demir Bulut"},"content":{"rendered":"<h1 style=\"text-align: center;\">Z\u00f6hre Demir Bulut (1920 \u2013 04.07.1992)<\/h1>\n<p>Z\u00f6hre Bulut, (k\u0131zl\u0131k soyad\u0131 Demir) 1920 y\u0131l\u0131nda A\u011fdere\u2019de G\u00fclizar ve Mehmet Demir\u2019in ilk \u00e7ocu\u011fu olarak d\u00fcnyaya geldi. K\u00f6ylerinde okul olmad\u0131\u011f\u0131 ve o y\u0131llarda k\u0131zlar\u0131 k\u00f6ydeki k\u00e2tiplerin yan\u0131nda okumaya g\u00f6ndermek adet olmad\u0131\u011f\u0131 i\u00e7in hi\u00e7 okula gidemedi. Anne ve babas\u0131n\u0131n yan\u0131nda, babaannesi F\u0131nd\u0131k Hatun\u2019un da ilk torunu oldu\u011fu i\u00e7in b\u00fcy\u00fck bir ihtimamla bak\u0131l\u0131p b\u00fcy\u00fct\u00fcld\u00fc. \u00c7ok yetenekli, \u00e7al\u0131\u015fkan ve g\u00fczel bir k\u0131zd\u0131. Daha ilk ergenlik ya\u015f\u0131ndayken k\u00f6yde yap\u0131lan hayvanlara bakma, s\u00fct sa\u011fma, s\u00fctten peynir, yo\u011furt, ya\u011f elde etme, bunlar\u0131 saklama usulleri gibi i\u015flerin yan\u0131nda y\u00fcn e\u011firme, hal\u0131 ve kilim dokuma, \u00e7orap ve ku\u015fak \u00f6rme gibi i\u015fleri de kusursuz yapmay\u0131 \u00f6\u011frendi.<\/p>\n<p>O y\u0131llarda adet oldu\u011fu \u00fczere \u00e7ok erken ya\u015fta (14 -15) Haydar Bulut ile evlendirildi, S\u00f6be\u00e7imen K\u00f6y\u00fc\u2019ne gelin gitti. Evlili\u011finin ilk y\u0131llar\u0131nda do\u011fan iki \u00e7ocu\u011funun arka arkaya \u00f6lmesinden sonra 1938\u2019de Z\u00f6hre, en b\u00fcy\u00fck \u00e7ocuk do\u011fdu. Do\u011fan bu \u00fc\u00e7\u00fcnc\u00fc \u00e7ocu\u011funun \u201eya\u015fama \u015fans\u0131n\u0131 kadim k\u0131lmak\u201c i\u00e7in aile b\u00fcy\u00fckleri taraf\u0131ndan\u00a0 kendi ad\u0131n\u0131n konmas\u0131 uygun bulundu: \u201eZ\u00f6hre.\u201d Z\u00f6hre do\u011fduktan birka\u00e7 ay sonra baba Haydar Bulut askere al\u0131nd\u0131. Gen\u00e7 e\u015f \u00a0Z\u00f6hre Bulut\u2019un k\u00f6yde \u00e7ok sevip sayd\u0131\u011f\u0131, g\u00fcvendi\u011fi, g\u00f6rm\u00fc\u015f, ge\u00e7irmi\u015f iki kad\u0131n vard\u0131:\u00a0 Biri kendisinden \u00f6nce ayn\u0131 k\u00f6ye gelin gelmi\u015f olan G\u00fclistan Hala, di\u011feri Aziz Amca\u2019n\u0131n e\u015fi Goz\u00e9 Teyze idi. Her ikisine de ayn\u0131 \u015fekilde hitap ederdi: Amka Goz\u00e9, Amka Gulistan\u0131.<\/p>\n<p>Gen\u00e7 gelin, Z\u00f6hre, e\u015finin d\u00f6rt y\u0131ll\u0131k askerli\u011fi s\u00fcresince \u00fclkedeki ikinci D\u00fcnya Sava\u015f\u0131 \u00f6ncesi s\u0131k\u0131nt\u0131lara ve k\u00f6ydeki zor ko\u015fullara ra\u011fmen tek ba\u015f\u0131na hem evini \u00e7ekip \u00e7evirmenin hem de \u00e7ocu\u011funu b\u00fcy\u00fctmenin \u00fcstesinden gelebildi. Ancak bu s\u00fcre boyunca kar\u015f\u0131la\u015ft\u0131\u011f\u0131 zorluklardan \u00f6ylesine b\u0131km\u0131\u015ft\u0131 ki, birka\u00e7 y\u0131l sonra art\u0131k S\u00f6be\u00e7imen\u2019de daralan arazi ve meralar nedeniyle\u00a0 Haydar Bulut\u2019un amca o\u011fullar\u0131 kendilerine yeni bir yerle\u015fme alan\u0131 aramaya ba\u015flad\u0131klar\u0131nda onlarla asla ayn\u0131 yere gitmek istemedi, e\u015fini kendi k\u00f6y\u00fc A\u011fdere\u2019ye g\u00f6\u00e7 etmeye raz\u0131 etti.<\/p>\n<p>Z\u00f6hre\u2019nin Erzincan y\u00f6resinden \u0130\u00e7toroslara g\u00f6\u00e7 etmi\u015f olan a\u015fireti K\u00fcrt\u00e7enin K\u0131rdasi \u015fivesini konu\u015fuyordu. Dolay\u0131s\u0131 ile o S\u00f6be\u00e7imen\u2019e geldi\u011finde daha bir kelime bile D\u0131m\u0131lki bilmiyordu. Ancak \u00e7ok k\u0131sa s\u00fcrede hatas\u0131z ve aksans\u0131z D\u0131m\u0131lkiyi de \u00f6\u011frendi. Sesinin g\u00fczelli\u011fi yan\u0131nda, T\u00fcrk\u00e7e metinli deyi\u015flerin\u00a0 ezber ve telaffuzunda da hi\u00e7 zorluk \u00e7ekmiyordu. Evde misafir olmad\u0131\u011f\u0131 zamanlar e\u015fi Haydar\u2019\u0131n curas\u0131 e\u015fli\u011finde, b\u00fcy\u00fck cemaatlerde ise iyi saz \u00e7alan cemaat ehli insanlar\u0131n e\u015fli\u011finde deyi\u015fler icra ederdi. Bundan sonra da Zora H\u00e9yd\u00e9ri olarak an\u0131ld\u0131.<\/p>\n<p>Z\u00f6hre Bulut hem \u00e7ok \u00e7al\u0131\u015fkan, hem de \u00fcstlendi\u011fi b\u00fct\u00fcn i\u015fleri kusursuz sona erdirme \u00e7abas\u0131ndayd\u0131. \u00c7ok g\u00fczel diki\u015f dikti\u011fi ve g\u00fczel kuma\u015flar se\u00e7meyi becerdi\u011fi i\u00e7in \u00e7oluk \u00e7ocu\u011funun \u00fcst\u00fc ba\u015f\u0131 daima k\u00f6y\u00fcn di\u011fer \u00e7ocuklar\u0131n\u0131nkinden daha temiz ve g\u00f6steri\u015fli olurdu. Hal\u0131 ve kilim dokumada, y\u00fcn e\u011firip de\u011ferlendirmede, yorgan ve yatak d\u00f6kme i\u015flerinde k\u00f6yl\u00fclerin s\u0131k\u00e7a ba\u015fvurduklar\u0131 bir usta idi. Ayr\u0131ca s\u00fct ve s\u00fct \u00fcr\u00fcnlerini i\u015flemede de ayn\u0131 becerilere sahipti. K\u0131\u015f\u0131n hayvanlar\u0131 sa\u011fma, s\u00fct \u00fcr\u00fcnlerini elde etme i\u015fleri hafifleyince evde hal\u0131 veya kilim dokuma tezg\u00e2h\u0131 kurulurdu. Bu aylarda ev k\u00f6y\u00fcn gen\u00e7 k\u0131zlar\u0131 i\u00e7in adeta bir kurs at\u00f6lyesine d\u00f6nerdi. Z\u00f6hre Anne k\u0131zlara g\u00fczel hal\u0131 ve kilim dokuman\u0131n s\u0131rlar\u0131n\u0131 \u00f6\u011fretirdi.<\/p>\n<p>Z\u00f6hre Bulut k\u00f6yde ya\u015fad\u0131klar\u0131 s\u00fcrelerde oldu\u011fu gibi, \u015fehir hayat\u0131nda da sadece ev i\u015fleriyle u\u011fra\u015fmaz, e\u015finin yapt\u0131\u011f\u0131 her i\u015fte daima yan\u0131nda olurdu. B\u00fct\u00fcn i\u015fleri beraber yaparlard\u0131. Evi onarmak veya\u00a0 eve yeni b\u00f6l\u00fcmler eklemek i\u00e7in usta tutulmazd\u0131, ikisi beraber koyulurlard\u0131 i\u015fe. Duvar m\u0131 \u00f6r\u00fclecek, malzeme al\u0131n\u0131r, i\u015fe giri\u015filir. \u00c7at\u0131 m\u0131 ak\u0131yor, kiremitler yenilenir. K\u00fcmes ve ah\u0131r yapmak\u00a0 di\u011ferlerinin yan\u0131nda i\u015f bile say\u0131lmazd\u0131.<\/p>\n<p>Z\u00f6hre Anne, aile ve dost \u00e7evresine oldu\u011fu gibi, kom\u015fular\u0131na da hi\u00e7 fark g\u00f6zetmeden g\u00f6sterdi\u011fi fedak\u00e2rl\u0131k, d\u00fcr\u00fcstl\u00fck, al\u00e7akg\u00f6n\u00fcll\u00fcl\u00fck ve yard\u0131mseverli\u011fi ile hemen herkesten hak etti\u011fi sevgi ve sayg\u0131y\u0131 g\u00f6r\u00fcrd\u00fc.<\/p>\n<p>Latife Bulut-\u015eahin<\/p>\n<p>Berlin, Mart 2021<\/p>\n","protected":false},"excerpt":{"rendered":"<p>Z\u00f6hre Demir Bulut (1920 \u2013 04.07.1992) Z\u00f6hre Bulut, (k\u0131zl\u0131k soyad\u0131 Demir) 1920 y\u0131l\u0131nda A\u011fdere\u2019de G\u00fclizar ve Mehmet Demir\u2019in ilk \u00e7ocu\u011fu olarak d\u00fcnyaya geldi. K\u00f6ylerinde okul olmad\u0131\u011f\u0131 ve o y\u0131llarda k\u0131zlar\u0131 k\u00f6ydeki k\u00e2tiplerin yan\u0131nda okumaya g\u00f6ndermek adet olmad\u0131\u011f\u0131 i\u00e7in hi\u00e7 okula gidemedi. Anne ve babas\u0131n\u0131n yan\u0131nda, babaannesi F\u0131nd\u0131k Hatun\u2019un da ilk torunu oldu\u011fu i\u00e7in b\u00fcy\u00fck bir&hellip;<\/p>\n","protected":false},"author":1,"featured_media":0,"parent":0,"menu_order":0,"comment_status":"closed","ping_status":"closed","template":"","meta":{"footnotes":""},"class_list":["post-16805","page","type-page","status-publish","hentry","description-off"],"yoast_head":"<!-- This site is optimized with the Yoast SEO plugin v15.5 - https:\/\/yoast.com\/wordpress\/plugins\/seo\/ -->\n<title>Z\u00f6hre Demir Bulut - hamo-seme<\/title>\n<meta name=\"robots\" content=\"index, follow, max-snippet:-1, max-image-preview:large, max-video-preview:-1\" \/>\n<link rel=\"canonical\" href=\"https:\/\/hamo-seme.com\/?page_id=16805\" \/>\n<meta property=\"og:locale\" content=\"tr_TR\" \/>\n<meta property=\"og:type\" content=\"article\" \/>\n<meta property=\"og:title\" content=\"Z\u00f6hre Demir Bulut - hamo-seme\" \/>\n<meta property=\"og:description\" content=\"Z\u00f6hre Demir Bulut (1920 \u2013 04.07.1992) Z\u00f6hre Bulut, (k\u0131zl\u0131k soyad\u0131 Demir) 1920 y\u0131l\u0131nda A\u011fdere\u2019de G\u00fclizar ve Mehmet Demir\u2019in ilk \u00e7ocu\u011fu olarak d\u00fcnyaya geldi. K\u00f6ylerinde okul olmad\u0131\u011f\u0131 ve o y\u0131llarda k\u0131zlar\u0131 k\u00f6ydeki k\u00e2tiplerin yan\u0131nda okumaya g\u00f6ndermek adet olmad\u0131\u011f\u0131 i\u00e7in hi\u00e7 okula gidemedi. Anne ve babas\u0131n\u0131n yan\u0131nda, babaannesi F\u0131nd\u0131k Hatun\u2019un da ilk torunu oldu\u011fu i\u00e7in b\u00fcy\u00fck bir&hellip;\" \/>\n<meta property=\"og:url\" content=\"https:\/\/hamo-seme.com\/?page_id=16805\" \/>\n<meta property=\"og:site_name\" content=\"hamo-seme\" \/>\n<meta property=\"article:modified_time\" content=\"2021-03-29T21:16:51+00:00\" \/>\n<meta name=\"twitter:card\" content=\"summary_large_image\" \/>\n<meta name=\"twitter:label1\" content=\"Tahmini okuma s\u00fcresi\">\n\t<meta name=\"twitter:data1\" content=\"3 dakika\">\n<script type=\"application\/ld+json\" class=\"yoast-schema-graph\">{\"@context\":\"https:\/\/schema.org\",\"@graph\":[{\"@type\":\"WebSite\",\"@id\":\"https:\/\/hamo-seme.com\/#website\",\"url\":\"https:\/\/hamo-seme.com\/\",\"name\":\"hamo-seme\",\"description\":\"G\\u00eeniyan a\\u015firet mensubu : Dersim\\u2019den Sivas\\u2019a oradan Kayseri-Sar\\u0131z-S\\u00f6ve\\u00e7men\\u2019e g\\u00f6\\u00e7 etmi\\u015f, oradan t\\u00fcm d\\u00fcnyaya da\\u011f\\u0131lm\\u0131\\u015f bir aile.\",\"potentialAction\":[{\"@type\":\"SearchAction\",\"target\":\"https:\/\/hamo-seme.com\/?s={search_term_string}\",\"query-input\":\"required name=search_term_string\"}],\"inLanguage\":\"tr\"},{\"@type\":\"WebPage\",\"@id\":\"https:\/\/hamo-seme.com\/?page_id=16805#webpage\",\"url\":\"https:\/\/hamo-seme.com\/?page_id=16805\",\"name\":\"Z\\u00f6hre Demir Bulut - hamo-seme\",\"isPartOf\":{\"@id\":\"https:\/\/hamo-seme.com\/#website\"},\"datePublished\":\"2021-03-29T21:15:16+00:00\",\"dateModified\":\"2021-03-29T21:16:51+00:00\",\"inLanguage\":\"tr\",\"potentialAction\":[{\"@type\":\"ReadAction\",\"target\":[\"https:\/\/hamo-seme.com\/?page_id=16805\"]}]}]}<\/script>\n<!-- \/ Yoast SEO plugin. -->","_links":{"self":[{"href":"https:\/\/hamo-seme.com\/index.php?rest_route=\/wp\/v2\/pages\/16805","targetHints":{"allow":["GET"]}}],"collection":[{"href":"https:\/\/hamo-seme.com\/index.php?rest_route=\/wp\/v2\/pages"}],"about":[{"href":"https:\/\/hamo-seme.com\/index.php?rest_route=\/wp\/v2\/types\/page"}],"author":[{"embeddable":true,"href":"https:\/\/hamo-seme.com\/index.php?rest_route=\/wp\/v2\/users\/1"}],"replies":[{"embeddable":true,"href":"https:\/\/hamo-seme.com\/index.php?rest_route=%2Fwp%2Fv2%2Fcomments&post=16805"}],"version-history":[{"count":3,"href":"https:\/\/hamo-seme.com\/index.php?rest_route=\/wp\/v2\/pages\/16805\/revisions"}],"predecessor-version":[{"id":16809,"href":"https:\/\/hamo-seme.com\/index.php?rest_route=\/wp\/v2\/pages\/16805\/revisions\/16809"}],"wp:attachment":[{"href":"https:\/\/hamo-seme.com\/index.php?rest_route=%2Fwp%2Fv2%2Fmedia&parent=16805"}],"curies":[{"name":"wp","href":"https:\/\/api.w.org\/{rel}","templated":true}]}}